{"id":857,"date":"2020-09-21T08:36:55","date_gmt":"2020-09-21T08:36:55","guid":{"rendered":"https:\/\/ecotono.org.es\/?page_id=857"},"modified":"2021-02-06T10:25:48","modified_gmt":"2021-02-06T10:25:48","slug":"blog-1","status":"publish","type":"page","link":"https:\/\/ecotono.org.es\/?page_id=857","title":{"rendered":"Blog 1"},"content":{"rendered":"\t\t<div data-elementor-type=\"wp-page\" data-elementor-id=\"857\" class=\"elementor elementor-857\" data-elementor-post-type=\"page\">\n\t\t\t\t\t\t<section class=\"elementor-section elementor-top-section elementor-element elementor-element-1dbc5c1 elementor-section-boxed elementor-section-height-default elementor-section-height-default\" data-id=\"1dbc5c1\" data-element_type=\"section\">\n\t\t\t\t\t\t\t<div class=\"elementor-background-overlay\"><\/div>\n\t\t\t\t\t\t\t<div class=\"elementor-container elementor-column-gap-default\">\n\t\t\t\t\t<div class=\"elementor-column elementor-col-100 elementor-top-column elementor-element elementor-element-637401a\" data-id=\"637401a\" data-element_type=\"column\">\n\t\t\t<div class=\"elementor-widget-wrap elementor-element-populated\">\n\t\t\t\t\t\t<div class=\"elementor-element elementor-element-4461c07 elementor-widget elementor-widget-heading\" data-id=\"4461c07\" data-element_type=\"widget\" data-widget_type=\"heading.default\">\n\t\t\t\t<div class=\"elementor-widget-container\">\n\t\t\t\t\t<h2 class=\"elementor-heading-title elementor-size-xl\">Cursos on-line 1\u00ba semestre de 2021<\/h2>\t\t\t\t<\/div>\n\t\t\t\t<\/div>\n\t\t\t\t\t<\/div>\n\t\t<\/div>\n\t\t\t\t\t<\/div>\n\t\t<\/section>\n\t\t\t\t<section class=\"elementor-section elementor-top-section elementor-element elementor-element-ac434d2 elementor-section-boxed elementor-section-height-default elementor-section-height-default\" data-id=\"ac434d2\" data-element_type=\"section\">\n\t\t\t\t\t\t<div class=\"elementor-container elementor-column-gap-default\">\n\t\t\t\t\t<div class=\"elementor-column elementor-col-100 elementor-top-column elementor-element elementor-element-e6ac304\" data-id=\"e6ac304\" data-element_type=\"column\">\n\t\t\t<div class=\"elementor-widget-wrap elementor-element-populated\">\n\t\t\t\t\t\t<div class=\"elementor-element elementor-element-6ad1974 elementor-widget elementor-widget-spacer\" data-id=\"6ad1974\" data-element_type=\"widget\" data-widget_type=\"spacer.default\">\n\t\t\t\t<div class=\"elementor-widget-container\">\n\t\t\t\t\t\t\t<div class=\"elementor-spacer\">\n\t\t\t<div class=\"elementor-spacer-inner\"><\/div>\n\t\t<\/div>\n\t\t\t\t\t\t<\/div>\n\t\t\t\t<\/div>\n\t\t\t\t\t<\/div>\n\t\t<\/div>\n\t\t\t\t\t<\/div>\n\t\t<\/section>\n\t\t\t\t<section class=\"elementor-section elementor-top-section elementor-element elementor-element-bb654e1 elementor-section-boxed elementor-section-height-default elementor-section-height-default\" data-id=\"bb654e1\" data-element_type=\"section\">\n\t\t\t\t\t\t<div class=\"elementor-container elementor-column-gap-default\">\n\t\t\t\t\t<div class=\"elementor-column elementor-col-50 elementor-top-column elementor-element elementor-element-51af036\" data-id=\"51af036\" data-element_type=\"column\">\n\t\t\t<div class=\"elementor-widget-wrap elementor-element-populated\">\n\t\t\t\t\t\t<div class=\"elementor-element elementor-element-9ec4b57 elementor-widget elementor-widget-text-editor\" data-id=\"9ec4b57\" data-element_type=\"widget\" data-widget_type=\"text-editor.default\">\n\t\t\t\t<div class=\"elementor-widget-container\">\n\t\t\t\t\t\t\t\t\t<div>La&nbsp;Asociaci\u00f3n Ecotono&nbsp;quiere proponeros&nbsp;<strong>4&nbsp;formas<\/strong> <strong>de implicaros con la Vida Salvaje<\/strong> para el a\u00f1o 2021: Solidaridad con la Naturaleza, formaci\u00f3n y Conservaci\u00f3n.<\/div>\n<div style=\"text-align: center;\">\u00a1\u00a1Un buen REGALO!!<\/div>\n<div>Dirigido a&nbsp;<b>profesionales<\/b>,&nbsp;<b>estudiantes&nbsp;<\/b>o&nbsp;cualquier&nbsp;<b>persona interesada&nbsp;<\/b>en la naturaleza, que pretende iniciarse en estas disciplinas con los fundamentos te\u00f3ricos y pr\u00e1cticos m\u00e1s aconsejables y de la mano de los mayores expertos.<\/div>\n<div style=\"text-align: center;\"><span style=\"color: #000000; font-family: 'Times New Roman', Times, serif; font-size: 34px; font-style: normal; font-weight: bold; text-align: center;\"><a href=\"https:\/\/ecotono.org.es\/?page_id=659\">1 febrero: Fototrampeo<\/a><\/span><\/div>\n<p style=\"text-align: center;\"><span style=\"color: #000000; font-family: 'Times New Roman', Times, serif; font-size: 34px; font-style: normal; font-weight: bold; text-align: center;\"><a href=\"https:\/\/ecotono.org.es\/?page_id=1386\">22 febrero: Curso de nubes<\/a><\/span><\/p>\n<p style=\"text-align: center;\"><span style=\"color: rgb(0, 0, 0); font-family: &quot;Times New Roman&quot;, Times, serif; font-size: 34px; font-style: normal; font-weight: 700;\"><a href=\"https:\/\/ecotono.org.es\/?page_id=616\">15 marzo: Curso rastreo<\/a><\/span><br><\/p>\n<p style=\"text-align: center;\"><span style=\"color: rgb(0, 0, 0); font-family: &quot;Times New Roman&quot;, Times, serif; font-size: 34px; font-style: normal; font-weight: 700;\"><a href=\"https:\/\/ecotono.org.es\/?page_id=690\">29 Marzo: Etnobot\u00e1nica<\/a><\/span><span style=\"color: rgb(0, 0, 0); font-family: &quot;Times New Roman&quot;, Times, serif; font-size: 34px; font-style: normal; font-weight: 700;\"><br><\/span><\/p>\n<p><\/p>\t\t\t\t\t\t\t\t<\/div>\n\t\t\t\t<\/div>\n\t\t\t\t\t<\/div>\n\t\t<\/div>\n\t\t\t\t<div class=\"elementor-column elementor-col-50 elementor-top-column elementor-element elementor-element-871198d\" data-id=\"871198d\" data-element_type=\"column\">\n\t\t\t<div class=\"elementor-widget-wrap elementor-element-populated\">\n\t\t\t\t\t\t<div class=\"elementor-element elementor-element-d0c0840 elementor-widget elementor-widget-image\" data-id=\"d0c0840\" data-element_type=\"widget\" data-widget_type=\"image.default\">\n\t\t\t\t<div class=\"elementor-widget-container\">\n\t\t\t\t\t\t\t\t\t\t\t\t\t\t\t<img fetchpriority=\"high\" decoding=\"async\" width=\"380\" height=\"520\" src=\"https:\/\/ecotono.org.es\/wp-content\/uploads\/2020\/09\/img-01-free-img.jpg\" class=\"attachment-large size-large wp-image-860\" alt=\"\" srcset=\"https:\/\/ecotono.org.es\/wp-content\/uploads\/2020\/09\/img-01-free-img.jpg 380w, https:\/\/ecotono.org.es\/wp-content\/uploads\/2020\/09\/img-01-free-img-219x300.jpg 219w\" sizes=\"(max-width: 380px) 100vw, 380px\" \/>\t\t\t\t\t\t\t\t\t\t\t\t\t\t\t<\/div>\n\t\t\t\t<\/div>\n\t\t\t\t\t<\/div>\n\t\t<\/div>\n\t\t\t\t\t<\/div>\n\t\t<\/section>\n\t\t\t\t<section class=\"elementor-section elementor-top-section elementor-element elementor-element-f442b20 elementor-section-boxed elementor-section-height-default elementor-section-height-default\" data-id=\"f442b20\" data-element_type=\"section\">\n\t\t\t\t\t\t<div class=\"elementor-container elementor-column-gap-default\">\n\t\t\t\t\t<div class=\"elementor-column elementor-col-100 elementor-top-column elementor-element elementor-element-f10cd79\" data-id=\"f10cd79\" data-element_type=\"column\">\n\t\t\t<div class=\"elementor-widget-wrap elementor-element-populated\">\n\t\t\t\t\t\t<div class=\"elementor-element elementor-element-3fa7ada elementor-widget elementor-widget-spacer\" data-id=\"3fa7ada\" data-element_type=\"widget\" data-widget_type=\"spacer.default\">\n\t\t\t\t<div class=\"elementor-widget-container\">\n\t\t\t\t\t\t\t<div class=\"elementor-spacer\">\n\t\t\t<div class=\"elementor-spacer-inner\"><\/div>\n\t\t<\/div>\n\t\t\t\t\t\t<\/div>\n\t\t\t\t<\/div>\n\t\t\t\t\t<\/div>\n\t\t<\/div>\n\t\t\t\t\t<\/div>\n\t\t<\/section>\n\t\t\t\t<\/div>\n\t\t","protected":false},"excerpt":{"rendered":"<p>Cursos on-line 1\u00ba semestre de 2021 La&nbsp;Asociaci\u00f3n Ecotono&nbsp;quiere proponeros&nbsp;4&nbsp;formas de implicaros con la Vida Salvaje para el a\u00f1o 2021: Solidaridad con la Naturaleza, formaci\u00f3n y Conservaci\u00f3n. \u00a1\u00a1Un buen REGALO!! Dirigido a&nbsp;profesionales,&nbsp;estudiantes&nbsp;o&nbsp;cualquier&nbsp;persona interesada&nbsp;en la naturaleza, que pretende iniciarse en estas disciplinas con los fundamentos te\u00f3ricos y pr\u00e1cticos m\u00e1s aconsejables y de la mano de los mayores [&hellip;]<\/p>\n","protected":false},"author":1,"featured_media":0,"parent":0,"menu_order":0,"comment_status":"closed","ping_status":"closed","template":"","meta":{"site-sidebar-layout":"no-sidebar","site-content-layout":"page-builder","ast-site-content-layout":"","site-content-style":"default","site-sidebar-style":"default","ast-global-header-display":"","ast-banner-title-visibility":"","ast-main-header-display":"","ast-hfb-above-header-display":"","ast-hfb-below-header-display":"","ast-hfb-mobile-header-display":"","site-post-title":"disabled","ast-breadcrumbs-content":"","ast-featured-img":"disabled","footer-sml-layout":"","theme-transparent-header-meta":"default","adv-header-id-meta":"","stick-header-meta":"","header-above-stick-meta":"","header-main-stick-meta":"","header-below-stick-meta":"","astra-migrate-meta-layouts":"default","ast-page-background-enabled":"default","ast-page-background-meta":{"desktop":{"background-color":"","background-image":"","background-repeat":"repeat","background-position":"center center","background-size":"auto","background-attachment":"scroll","background-type":"","background-media":"","overlay-type":"","overlay-color":"","overlay-opacity":"","overlay-gradient":""},"tablet":{"background-color":"","background-image":"","background-repeat":"repeat","background-position":"center center","background-size":"auto","background-attachment":"scroll","background-type":"","background-media":"","overlay-type":"","overlay-color":"","overlay-opacity":"","overlay-gradient":""},"mobile":{"background-color":"","background-image":"","background-repeat":"repeat","background-position":"center center","background-size":"auto","background-attachment":"scroll","background-type":"","background-media":"","overlay-type":"","overlay-color":"","overlay-opacity":"","overlay-gradient":""}},"ast-content-background-meta":{"desktop":{"background-color":"var(--ast-global-color-5)","background-image":"","background-repeat":"repeat","background-position":"center center","background-size":"auto","background-attachment":"scroll","background-type":"","background-media":"","overlay-type":"","overlay-color":"","overlay-opacity":"","overlay-gradient":""},"tablet":{"background-color":"var(--ast-global-color-5)","background-image":"","background-repeat":"repeat","background-position":"center center","background-size":"auto","background-attachment":"scroll","background-type":"","background-media":"","overlay-type":"","overlay-color":"","overlay-opacity":"","overlay-gradient":""},"mobile":{"background-color":"var(--ast-global-color-5)","background-image":"","background-repeat":"repeat","background-position":"center center","background-size":"auto","background-attachment":"scroll","background-type":"","background-media":"","overlay-type":"","overlay-color":"","overlay-opacity":"","overlay-gradient":""}},"footnotes":""},"class_list":["post-857","page","type-page","status-publish","hentry"],"_links":{"self":[{"href":"https:\/\/ecotono.org.es\/index.php?rest_route=\/wp\/v2\/pages\/857","targetHints":{"allow":["GET"]}}],"collection":[{"href":"https:\/\/ecotono.org.es\/index.php?rest_route=\/wp\/v2\/pages"}],"about":[{"href":"https:\/\/ecotono.org.es\/index.php?rest_route=\/wp\/v2\/types\/page"}],"author":[{"embeddable":true,"href":"https:\/\/ecotono.org.es\/index.php?rest_route=\/wp\/v2\/users\/1"}],"replies":[{"embeddable":true,"href":"https:\/\/ecotono.org.es\/index.php?rest_route=%2Fwp%2Fv2%2Fcomments&post=857"}],"version-history":[{"count":8,"href":"https:\/\/ecotono.org.es\/index.php?rest_route=\/wp\/v2\/pages\/857\/revisions"}],"predecessor-version":[{"id":1547,"href":"https:\/\/ecotono.org.es\/index.php?rest_route=\/wp\/v2\/pages\/857\/revisions\/1547"}],"wp:attachment":[{"href":"https:\/\/ecotono.org.es\/index.php?rest_route=%2Fwp%2Fv2%2Fmedia&parent=857"}],"curies":[{"name":"wp","href":"https:\/\/api.w.org\/{rel}","templated":true}]}}