{"id":815,"date":"2020-09-18T09:48:30","date_gmt":"2020-09-18T09:48:30","guid":{"rendered":"https:\/\/ecotono.org.es\/?page_id=815"},"modified":"2020-10-17T11:02:32","modified_gmt":"2020-10-17T11:02:32","slug":"albergue-de-peguerinos","status":"publish","type":"page","link":"https:\/\/ecotono.org.es\/?page_id=815","title":{"rendered":"Albergue de Peguerinos"},"content":{"rendered":"<h1>Albergue de Peguerinos<\/h1>\n<p><strong>Descubre nuestro Albergue Ecotono.<\/strong><\/p>\n<p>El Albergue-Aula, su infraestructura, nuestra log\u00edstica y su entorno espectacular est\u00e1 a disposici\u00f3n de asociaciones, grupos y empresas para todo tipo de cursos, talleres y experiencias.&nbsp;Te va a encantar este espacio por ser un amplio alojamiento adaptado a minusval\u00edas en el entorno privilegiado del Parque Natural de la Sierra Norte de Guadarrama y ZEPA de Pinares de Peguerinos y Az\u00e1lvaro.<\/p>\n<p>Te gustar\u00e1 la ubicaci\u00f3n, el ambiente, las vistas, la fauna, etc. El alojamiento es bueno, adem\u00e1s de para organizar cursos, para parejas, aventureros, viajeros de negocios, familias (con hijos), grupos grandes, y mascotas.<\/p>\n<p>Estas son algunas fotos del Albergue, pero para toda la informaci\u00f3n&nbsp;<a href=\"https:\/\/ecotono.org.es\/?page_id=129\" target=\"_blank\" rel=\"noopener noreferrer\">cont\u00e1ctanos&nbsp;<\/a>o visita nuestra <a href=\"https:\/\/www.airbnb.es\/rooms\/17261799?source_impression_id=p3_1600771793_tr065G%2B6yZ4%2BRoum\" target=\"_blank\" rel=\"noopener noreferrer\">p\u00e1gina de Airbnb<\/a>:<\/p>\n<ul>\n<li>\n\t\t\t\t\t<a href=\"#\"><br \/>\njuanecotono@gmail.com<br \/>\n<\/a><\/li>\n<li>\n\t\t\t\t\t<a href=\"#\"><br \/>\n+34 646921929<br \/>\n<\/a><\/li>\n<li>\n\t\t\t\t\t<a href=\"https:\/\/www.airbnb.es\/rooms\/17261799?source_impression_id=p3_1600771793_tr065G%2B6yZ4%2BRoum\" target=\"_blank\" rel=\"noopener noreferrer\"><br \/>\nP\u00e1gina Airbnb<br \/>\n<\/a><\/li>\n<\/ul>\n<p>Albergue desde fueraSal\u00f3nGran cocinaEntrada<br \/>\nPrevious<br \/>\nNext<\/p>\n","protected":false},"excerpt":{"rendered":"<p>Albergue de Peguerinos Descubre nuestro Albergue Ecotono. El Albergue-Aula, su infraestructura, nuestra log\u00edstica y su entorno espectacular est\u00e1 a disposici\u00f3n de asociaciones, grupos y empresas para todo tipo de cursos, talleres y experiencias.&nbsp;Te va a encantar este espacio por ser un amplio alojamiento adaptado a minusval\u00edas en el entorno privilegiado del Parque Natural de la [&hellip;]<\/p>\n","protected":false},"author":1,"featured_media":0,"parent":0,"menu_order":0,"comment_status":"closed","ping_status":"closed","template":"","meta":{"site-sidebar-layout":"no-sidebar","site-content-layout":"page-builder","ast-site-content-layout":"","site-content-style":"default","site-sidebar-style":"default","ast-global-header-display":"","ast-banner-title-visibility":"","ast-main-header-display":"","ast-hfb-above-header-display":"","ast-hfb-below-header-display":"","ast-hfb-mobile-header-display":"","site-post-title":"disabled","ast-breadcrumbs-content":"","ast-featured-img":"disabled","footer-sml-layout":"","theme-transparent-header-meta":"default","adv-header-id-meta":"","stick-header-meta":"","header-above-stick-meta":"","header-main-stick-meta":"","header-below-stick-meta":"","astra-migrate-meta-layouts":"default","ast-page-background-enabled":"default","ast-page-background-meta":{"desktop":{"background-color":"","background-image":"","background-repeat":"repeat","background-position":"center center","background-size":"auto","background-attachment":"scroll","background-type":"","background-media":"","overlay-type":"","overlay-color":"","overlay-opacity":"","overlay-gradient":""},"tablet":{"background-color":"","background-image":"","background-repeat":"repeat","background-position":"center center","background-size":"auto","background-attachment":"scroll","background-type":"","background-media":"","overlay-type":"","overlay-color":"","overlay-opacity":"","overlay-gradient":""},"mobile":{"background-color":"","background-image":"","background-repeat":"repeat","background-position":"center center","background-size":"auto","background-attachment":"scroll","background-type":"","background-media":"","overlay-type":"","overlay-color":"","overlay-opacity":"","overlay-gradient":""}},"ast-content-background-meta":{"desktop":{"background-color":"var(--ast-global-color-5)","background-image":"","background-repeat":"repeat","background-position":"center center","background-size":"auto","background-attachment":"scroll","background-type":"","background-media":"","overlay-type":"","overlay-color":"","overlay-opacity":"","overlay-gradient":""},"tablet":{"background-color":"var(--ast-global-color-5)","background-image":"","background-repeat":"repeat","background-position":"center center","background-size":"auto","background-attachment":"scroll","background-type":"","background-media":"","overlay-type":"","overlay-color":"","overlay-opacity":"","overlay-gradient":""},"mobile":{"background-color":"var(--ast-global-color-5)","background-image":"","background-repeat":"repeat","background-position":"center center","background-size":"auto","background-attachment":"scroll","background-type":"","background-media":"","overlay-type":"","overlay-color":"","overlay-opacity":"","overlay-gradient":""}},"footnotes":""},"class_list":["post-815","page","type-page","status-publish","hentry"],"_links":{"self":[{"href":"https:\/\/ecotono.org.es\/index.php?rest_route=\/wp\/v2\/pages\/815","targetHints":{"allow":["GET"]}}],"collection":[{"href":"https:\/\/ecotono.org.es\/index.php?rest_route=\/wp\/v2\/pages"}],"about":[{"href":"https:\/\/ecotono.org.es\/index.php?rest_route=\/wp\/v2\/types\/page"}],"author":[{"embeddable":true,"href":"https:\/\/ecotono.org.es\/index.php?rest_route=\/wp\/v2\/users\/1"}],"replies":[{"embeddable":true,"href":"https:\/\/ecotono.org.es\/index.php?rest_route=%2Fwp%2Fv2%2Fcomments&post=815"}],"version-history":[{"count":33,"href":"https:\/\/ecotono.org.es\/index.php?rest_route=\/wp\/v2\/pages\/815\/revisions"}],"predecessor-version":[{"id":1202,"href":"https:\/\/ecotono.org.es\/index.php?rest_route=\/wp\/v2\/pages\/815\/revisions\/1202"}],"wp:attachment":[{"href":"https:\/\/ecotono.org.es\/index.php?rest_route=%2Fwp%2Fv2%2Fmedia&parent=815"}],"curies":[{"name":"wp","href":"https:\/\/api.w.org\/{rel}","templated":true}]}}