{"id":722,"date":"2020-09-17T08:59:28","date_gmt":"2020-09-17T08:59:28","guid":{"rendered":"https:\/\/ecotono.org.es\/?page_id=722"},"modified":"2022-06-24T10:04:41","modified_gmt":"2022-06-24T10:04:41","slug":"guinea-ecuatorial","status":"publish","type":"page","link":"https:\/\/ecotono.org.es\/?page_id=722","title":{"rendered":"Guinea"},"content":{"rendered":"\t\t<div data-elementor-type=\"wp-page\" data-elementor-id=\"722\" class=\"elementor elementor-722\" data-elementor-post-type=\"page\">\n\t\t\t\t\t\t<section class=\"elementor-section elementor-top-section elementor-element elementor-element-4e811b3b elementor-section-content-middle elementor-section-boxed elementor-section-height-default elementor-section-height-default\" data-id=\"4e811b3b\" data-element_type=\"section\" data-settings=\"{&quot;background_background&quot;:&quot;classic&quot;}\">\n\t\t\t\t\t\t\t<div class=\"elementor-background-overlay\"><\/div>\n\t\t\t\t\t\t\t<div class=\"elementor-container elementor-column-gap-no\">\n\t\t\t\t\t<div class=\"elementor-column elementor-col-100 elementor-top-column elementor-element elementor-element-4b7b9d88\" data-id=\"4b7b9d88\" data-element_type=\"column\">\n\t\t\t<div class=\"elementor-widget-wrap elementor-element-populated\">\n\t\t\t\t\t\t<div class=\"elementor-element elementor-element-2d574188 elementor-widget elementor-widget-heading\" data-id=\"2d574188\" data-element_type=\"widget\" data-widget_type=\"heading.default\">\n\t\t\t\t<div class=\"elementor-widget-container\">\n\t\t\t\t\t<h1 class=\"elementor-heading-title elementor-size-xl\">Guinea Ecuatorial<\/h1>\t\t\t\t<\/div>\n\t\t\t\t<\/div>\n\t\t\t\t\t<\/div>\n\t\t<\/div>\n\t\t\t\t\t<\/div>\n\t\t<\/section>\n\t\t\t\t<section class=\"elementor-section elementor-top-section elementor-element elementor-element-e50e4b3 elementor-section-boxed elementor-section-height-default elementor-section-height-default\" data-id=\"e50e4b3\" data-element_type=\"section\">\n\t\t\t\t\t\t<div class=\"elementor-container elementor-column-gap-default\">\n\t\t\t\t\t<div class=\"elementor-column elementor-col-100 elementor-top-column elementor-element elementor-element-88e683e\" data-id=\"88e683e\" data-element_type=\"column\">\n\t\t\t<div class=\"elementor-widget-wrap elementor-element-populated\">\n\t\t\t\t\t\t<div class=\"elementor-element elementor-element-440186b elementor-nav-menu__align-end elementor-nav-menu--dropdown-tablet elementor-nav-menu__text-align-aside elementor-nav-menu--toggle elementor-nav-menu--burger elementor-widget elementor-widget-nav-menu\" data-id=\"440186b\" data-element_type=\"widget\" data-settings=\"{&quot;layout&quot;:&quot;horizontal&quot;,&quot;submenu_icon&quot;:{&quot;value&quot;:&quot;&lt;i class=\\&quot;fas fa-caret-down\\&quot; aria-hidden=\\&quot;true\\&quot;&gt;&lt;\\\/i&gt;&quot;,&quot;library&quot;:&quot;fa-solid&quot;},&quot;toggle&quot;:&quot;burger&quot;}\" data-widget_type=\"nav-menu.default\">\n\t\t\t\t<div class=\"elementor-widget-container\">\n\t\t\t\t\t\t\t\t<nav aria-label=\"Men\u00fa\" class=\"elementor-nav-menu--main elementor-nav-menu__container elementor-nav-menu--layout-horizontal e--pointer-underline e--animation-fade\">\n\t\t\t\t<ul id=\"menu-1-440186b\" class=\"elementor-nav-menu\"><li class=\"menu-item menu-item-type-post_type menu-item-object-page menu-item-2012\"><a href=\"https:\/\/ecotono.org.es\/?page_id=2006\" class=\"elementor-item menu-link\">PN Pico Basil\u00e9<\/a><\/li>\n<li class=\"menu-item menu-item-type-post_type menu-item-object-page menu-item-2004\"><a href=\"https:\/\/ecotono.org.es\/?page_id=1988\" class=\"elementor-item menu-link\">La caza<\/a><\/li>\n<li class=\"menu-item menu-item-type-post_type menu-item-object-page menu-item-2024\"><a href=\"https:\/\/ecotono.org.es\/?page_id=2019\" class=\"elementor-item menu-link\">Nuestro trabajo<\/a><\/li>\n<li class=\"menu-item menu-item-type-post_type menu-item-object-page menu-item-2030\"><a href=\"https:\/\/ecotono.org.es\/?page_id=2025\" class=\"elementor-item menu-link\">Acciones concretas<\/a><\/li>\n<\/ul>\t\t\t<\/nav>\n\t\t\t\t\t<div class=\"elementor-menu-toggle\" role=\"button\" tabindex=\"0\" aria-label=\"Alternar men\u00fa\" aria-expanded=\"false\">\n\t\t\t<i aria-hidden=\"true\" role=\"presentation\" class=\"elementor-menu-toggle__icon--open eicon-menu-bar\"><\/i><i aria-hidden=\"true\" role=\"presentation\" class=\"elementor-menu-toggle__icon--close eicon-close\"><\/i>\t\t<\/div>\n\t\t\t\t\t<nav class=\"elementor-nav-menu--dropdown elementor-nav-menu__container\" aria-hidden=\"true\">\n\t\t\t\t<ul id=\"menu-2-440186b\" class=\"elementor-nav-menu\"><li class=\"menu-item menu-item-type-post_type menu-item-object-page menu-item-2012\"><a href=\"https:\/\/ecotono.org.es\/?page_id=2006\" class=\"elementor-item menu-link\" tabindex=\"-1\">PN Pico Basil\u00e9<\/a><\/li>\n<li class=\"menu-item menu-item-type-post_type menu-item-object-page menu-item-2004\"><a href=\"https:\/\/ecotono.org.es\/?page_id=1988\" class=\"elementor-item menu-link\" tabindex=\"-1\">La caza<\/a><\/li>\n<li class=\"menu-item menu-item-type-post_type menu-item-object-page menu-item-2024\"><a href=\"https:\/\/ecotono.org.es\/?page_id=2019\" class=\"elementor-item menu-link\" tabindex=\"-1\">Nuestro trabajo<\/a><\/li>\n<li class=\"menu-item menu-item-type-post_type menu-item-object-page menu-item-2030\"><a href=\"https:\/\/ecotono.org.es\/?page_id=2025\" class=\"elementor-item menu-link\" tabindex=\"-1\">Acciones concretas<\/a><\/li>\n<\/ul>\t\t\t<\/nav>\n\t\t\t\t\t\t<\/div>\n\t\t\t\t<\/div>\n\t\t\t\t\t<\/div>\n\t\t<\/div>\n\t\t\t\t\t<\/div>\n\t\t<\/section>\n\t\t\t\t<section class=\"elementor-section elementor-top-section elementor-element elementor-element-03963fc elementor-section-boxed elementor-section-height-default elementor-section-height-default\" data-id=\"03963fc\" data-element_type=\"section\">\n\t\t\t\t\t\t<div class=\"elementor-container elementor-column-gap-default\">\n\t\t\t\t\t<div class=\"elementor-column elementor-col-50 elementor-top-column elementor-element elementor-element-f581838\" data-id=\"f581838\" data-element_type=\"column\">\n\t\t\t<div class=\"elementor-widget-wrap elementor-element-populated\">\n\t\t\t\t\t\t<div class=\"elementor-element elementor-element-cafd174 elementor-widget elementor-widget-image\" data-id=\"cafd174\" data-element_type=\"widget\" data-widget_type=\"image.default\">\n\t\t\t\t<div class=\"elementor-widget-container\">\n\t\t\t\t\t\t\t\t\t\t\t\t\t\t\t<img fetchpriority=\"high\" decoding=\"async\" width=\"678\" height=\"1024\" src=\"https:\/\/ecotono.org.es\/wp-content\/uploads\/2020\/09\/geran-de-klerk-FhbyES4BjG8-unsplash-678x1024.jpg\" class=\"attachment-large size-large wp-image-724\" alt=\"\" srcset=\"https:\/\/ecotono.org.es\/wp-content\/uploads\/2020\/09\/geran-de-klerk-FhbyES4BjG8-unsplash-678x1024.jpg 678w, https:\/\/ecotono.org.es\/wp-content\/uploads\/2020\/09\/geran-de-klerk-FhbyES4BjG8-unsplash-199x300.jpg 199w, https:\/\/ecotono.org.es\/wp-content\/uploads\/2020\/09\/geran-de-klerk-FhbyES4BjG8-unsplash-768x1160.jpg 768w, https:\/\/ecotono.org.es\/wp-content\/uploads\/2020\/09\/geran-de-klerk-FhbyES4BjG8-unsplash-1017x1536.jpg 1017w, https:\/\/ecotono.org.es\/wp-content\/uploads\/2020\/09\/geran-de-klerk-FhbyES4BjG8-unsplash-1355x2048.jpg 1355w, https:\/\/ecotono.org.es\/wp-content\/uploads\/2020\/09\/geran-de-klerk-FhbyES4BjG8-unsplash-scaled.jpg 1694w\" sizes=\"(max-width: 678px) 100vw, 678px\" \/>\t\t\t\t\t\t\t\t\t\t\t\t\t\t\t<\/div>\n\t\t\t\t<\/div>\n\t\t\t\t\t<\/div>\n\t\t<\/div>\n\t\t\t\t<div class=\"elementor-column elementor-col-50 elementor-top-column elementor-element elementor-element-3af52f9\" data-id=\"3af52f9\" data-element_type=\"column\">\n\t\t\t<div class=\"elementor-widget-wrap elementor-element-populated\">\n\t\t\t\t\t\t<div class=\"elementor-element elementor-element-567a9d3 elementor-widget elementor-widget-text-editor\" data-id=\"567a9d3\" data-element_type=\"widget\" data-widget_type=\"text-editor.default\">\n\t\t\t\t<div class=\"elementor-widget-container\">\n\t\t\t\t\t\t\t\t\t<p>El germen de los emprendimientos y colaboraciones de la <strong>Asociaci\u00f3n Ecotono<\/strong> en este pa\u00eds fue el de un proyecto de doctorado que termin\u00f3 convirti\u00e9ndose en un programa de programas. La doctoranda Mar\u00eda Grande Vega comenz\u00f3 el trabajo de campo para su tesis en 2009. Su labor, en principio se desarroll\u00f3 para estudiar la dependencia de la gente que vive alrededor del <strong>Parque Nacional de Pico Basil\u00e9<\/strong> (Bioko, Guinea Ecuatorial), en la caza (tanto a nivel de consumo de prote\u00ednas, como a nivel de ingresos) y las potenciales o posibles alternativas al uso de este recurso. Ello con el objetivo de elaborar unas propuestas de gesti\u00f3n para una caza sostenible en el Pico, sin perjudicar a la gente que depende de dicha actividad como fuente de alimento o medio de vida, si no, por el contrario, ayudarla para un mayor desarrollo en un marco de sostenibilidad<\/p><p>En 2011, desde Ecotono se le propuso ampliar la investigaci\u00f3n desde dentro del bosque y se introdujo seguimientos a los cazadores furtivos para mapear y valorar su impacto. El trabajo mereci\u00f3 la financiaci\u00f3n de la UPM, el Zoo de Barcelona, la Fundaci\u00f3n Biodiversidad, Carlson Family Foundation adem\u00e1s de la colaboraci\u00f3n de importantes instituciones de Guinea y de Espa\u00f1a, Inglaterra, etc.<\/p><p>A partir de aqu\u00ed y con el transcurrir de los a\u00f1os se han dise\u00f1ado y ejecutado seminarios-talleres de discusi\u00f3n de resultados con ONGs nacionales e internacionales y miembros del gobierno relacionados con el medio ambiente. Se produjeron documentales sobre el problema de la caza en Bioko y la biodiversidad del pa\u00eds africano. Se publicaron art\u00edculos cient\u00edficos, se prepar\u00f3 para publicar una gu\u00eda sobre mam\u00edferos de Bioko, programas educativos para colegios y poblaci\u00f3n local, semanas de Biodiversidad, etc.<\/p>\t\t\t\t\t\t\t\t<\/div>\n\t\t\t\t<\/div>\n\t\t\t\t\t<\/div>\n\t\t<\/div>\n\t\t\t\t\t<\/div>\n\t\t<\/section>\n\t\t\t\t<section class=\"elementor-section elementor-top-section elementor-element elementor-element-d137c5d elementor-section-boxed elementor-section-height-default elementor-section-height-default\" data-id=\"d137c5d\" data-element_type=\"section\">\n\t\t\t\t\t\t<div class=\"elementor-container elementor-column-gap-default\">\n\t\t\t\t\t<div class=\"elementor-column elementor-col-100 elementor-top-column elementor-element elementor-element-786ebfe\" data-id=\"786ebfe\" data-element_type=\"column\">\n\t\t\t<div class=\"elementor-widget-wrap elementor-element-populated\">\n\t\t\t\t\t\t<div class=\"elementor-element elementor-element-0420c15 elementor-widget elementor-widget-text-editor\" data-id=\"0420c15\" data-element_type=\"widget\" data-widget_type=\"text-editor.default\">\n\t\t\t\t<div class=\"elementor-widget-container\">\n\t\t\t\t\t\t\t\t\t<p>VIDEO SOBRE GUINEA CON PARTICIPACI\u00d3N DE ECOTONO: <a href=\"https:\/\/www.youtube.com\/watch?v=8dUIzBWUL3E&amp;list=PLlP0AqLo9GODHGnFulrJ_dH7OQm4sRjes\">EL SECRETO DEL BOSQUE<\/a>.<\/p>\t\t\t\t\t\t\t\t<\/div>\n\t\t\t\t<\/div>\n\t\t\t\t\t<\/div>\n\t\t<\/div>\n\t\t\t\t\t<\/div>\n\t\t<\/section>\n\t\t\t\t<\/div>\n\t\t","protected":false},"excerpt":{"rendered":"<p>Guinea Ecuatorial El germen de los emprendimientos y colaboraciones de la Asociaci\u00f3n Ecotono en este pa\u00eds fue el de un proyecto de doctorado que termin\u00f3 convirti\u00e9ndose en un programa de programas. La doctoranda Mar\u00eda Grande Vega comenz\u00f3 el trabajo de campo para su tesis en 2009. Su labor, en principio se desarroll\u00f3 para estudiar la [&hellip;]<\/p>\n","protected":false},"author":1,"featured_media":0,"parent":0,"menu_order":0,"comment_status":"closed","ping_status":"closed","template":"","meta":{"site-sidebar-layout":"no-sidebar","site-content-layout":"page-builder","ast-site-content-layout":"","site-content-style":"default","site-sidebar-style":"default","ast-global-header-display":"","ast-banner-title-visibility":"","ast-main-header-display":"","ast-hfb-above-header-display":"","ast-hfb-below-header-display":"","ast-hfb-mobile-header-display":"","site-post-title":"disabled","ast-breadcrumbs-content":"","ast-featured-img":"disabled","footer-sml-layout":"","theme-transparent-header-meta":"default","adv-header-id-meta":"","stick-header-meta":"","header-above-stick-meta":"","header-main-stick-meta":"","header-below-stick-meta":"","astra-migrate-meta-layouts":"default","ast-page-background-enabled":"default","ast-page-background-meta":{"desktop":{"background-color":"","background-image":"","background-repeat":"repeat","background-position":"center center","background-size":"auto","background-attachment":"scroll","background-type":"","background-media":"","overlay-type":"","overlay-color":"","overlay-opacity":"","overlay-gradient":""},"tablet":{"background-color":"","background-image":"","background-repeat":"repeat","background-position":"center center","background-size":"auto","background-attachment":"scroll","background-type":"","background-media":"","overlay-type":"","overlay-color":"","overlay-opacity":"","overlay-gradient":""},"mobile":{"background-color":"","background-image":"","background-repeat":"repeat","background-position":"center center","background-size":"auto","background-attachment":"scroll","background-type":"","background-media":"","overlay-type":"","overlay-color":"","overlay-opacity":"","overlay-gradient":""}},"ast-content-background-meta":{"desktop":{"background-color":"var(--ast-global-color-5)","background-image":"","background-repeat":"repeat","background-position":"center center","background-size":"auto","background-attachment":"scroll","background-type":"","background-media":"","overlay-type":"","overlay-color":"","overlay-opacity":"","overlay-gradient":""},"tablet":{"background-color":"var(--ast-global-color-5)","background-image":"","background-repeat":"repeat","background-position":"center center","background-size":"auto","background-attachment":"scroll","background-type":"","background-media":"","overlay-type":"","overlay-color":"","overlay-opacity":"","overlay-gradient":""},"mobile":{"background-color":"var(--ast-global-color-5)","background-image":"","background-repeat":"repeat","background-position":"center center","background-size":"auto","background-attachment":"scroll","background-type":"","background-media":"","overlay-type":"","overlay-color":"","overlay-opacity":"","overlay-gradient":""}},"footnotes":""},"class_list":["post-722","page","type-page","status-publish","hentry"],"_links":{"self":[{"href":"https:\/\/ecotono.org.es\/index.php?rest_route=\/wp\/v2\/pages\/722","targetHints":{"allow":["GET"]}}],"collection":[{"href":"https:\/\/ecotono.org.es\/index.php?rest_route=\/wp\/v2\/pages"}],"about":[{"href":"https:\/\/ecotono.org.es\/index.php?rest_route=\/wp\/v2\/types\/page"}],"author":[{"embeddable":true,"href":"https:\/\/ecotono.org.es\/index.php?rest_route=\/wp\/v2\/users\/1"}],"replies":[{"embeddable":true,"href":"https:\/\/ecotono.org.es\/index.php?rest_route=%2Fwp%2Fv2%2Fcomments&post=722"}],"version-history":[{"count":40,"href":"https:\/\/ecotono.org.es\/index.php?rest_route=\/wp\/v2\/pages\/722\/revisions"}],"predecessor-version":[{"id":2036,"href":"https:\/\/ecotono.org.es\/index.php?rest_route=\/wp\/v2\/pages\/722\/revisions\/2036"}],"wp:attachment":[{"href":"https:\/\/ecotono.org.es\/index.php?rest_route=%2Fwp%2Fv2%2Fmedia&parent=722"}],"curies":[{"name":"wp","href":"https:\/\/api.w.org\/{rel}","templated":true}]}}