{"id":659,"date":"2020-09-15T09:43:19","date_gmt":"2020-09-15T09:43:19","guid":{"rendered":"https:\/\/ecotono.org.es\/?page_id=659"},"modified":"2024-01-02T17:49:19","modified_gmt":"2024-01-02T17:49:19","slug":"elementor-659","status":"publish","type":"page","link":"https:\/\/ecotono.org.es\/?page_id=659","title":{"rendered":"Curso de Fototrampeo"},"content":{"rendered":"\t\t<div data-elementor-type=\"wp-page\" data-elementor-id=\"659\" class=\"elementor elementor-659\" data-elementor-post-type=\"page\">\n\t\t\t\t\t\t<section class=\"elementor-section elementor-top-section elementor-element elementor-element-5314fe50 elementor-section-content-middle elementor-section-boxed elementor-section-height-default elementor-section-height-default\" data-id=\"5314fe50\" data-element_type=\"section\" data-settings=\"{&quot;background_background&quot;:&quot;classic&quot;}\">\n\t\t\t\t\t\t\t<div class=\"elementor-background-overlay\"><\/div>\n\t\t\t\t\t\t\t<div class=\"elementor-container elementor-column-gap-no\">\n\t\t\t\t\t<div class=\"elementor-column elementor-col-100 elementor-top-column elementor-element elementor-element-65b9c384\" data-id=\"65b9c384\" data-element_type=\"column\">\n\t\t\t<div class=\"elementor-widget-wrap elementor-element-populated\">\n\t\t\t\t\t\t<div class=\"elementor-element elementor-element-6bf93d99 elementor-widget elementor-widget-heading\" data-id=\"6bf93d99\" data-element_type=\"widget\" data-widget_type=\"heading.default\">\n\t\t\t\t<div class=\"elementor-widget-container\">\n\t\t\t\t\t<h1 class=\"elementor-heading-title elementor-size-xl\">Curso de fototrampeo aplicado al estudio de la fauna y los ecosistemas<\/h1>\t\t\t\t<\/div>\n\t\t\t\t<\/div>\n\t\t\t\t\t<\/div>\n\t\t<\/div>\n\t\t\t\t\t<\/div>\n\t\t<\/section>\n\t\t\t\t<section class=\"elementor-section elementor-top-section elementor-element elementor-element-431eb1d elementor-section-boxed elementor-section-height-default elementor-section-height-default\" data-id=\"431eb1d\" data-element_type=\"section\">\n\t\t\t\t\t\t<div class=\"elementor-container elementor-column-gap-default\">\n\t\t\t\t\t<div class=\"elementor-column elementor-col-100 elementor-top-column elementor-element elementor-element-05dbba4\" data-id=\"05dbba4\" data-element_type=\"column\">\n\t\t\t<div class=\"elementor-widget-wrap elementor-element-populated\">\n\t\t\t\t\t\t<div class=\"elementor-element elementor-element-0e98349 elementor-widget elementor-widget-text-editor\" data-id=\"0e98349\" data-element_type=\"widget\" data-widget_type=\"text-editor.default\">\n\t\t\t\t<div class=\"elementor-widget-container\">\n\t\t\t\t\t\t\t\t\t<p>En este curso se revisan los aspectos t\u00e9cnicos clave de los <strong>equipos de fototrampeo<\/strong> que permiten entender su funcionamiento y aprovechar todo su potencial. Adem\u00e1s se tratan temas de normativa, colocaci\u00f3n en campo y de manera destacada las metodolog\u00edas que te permitir\u00e1n aprovechar los datos obtenidos para conocer las poblaciones de fauna salvaje y el usos del territorio.<\/p><p><span style=\"font-weight: bold; color: rgba(1, 22, 39, 0.75); font-size: 15px; font-style: normal;\">CONTACTO:<\/span><span style=\"color: rgba(1, 22, 39, 0.75); font-size: 15px; font-style: normal; font-weight: 400;\">\u00a0<\/span><span style=\"font-size: 15px; font-style: normal; font-weight: 400; color: #0000ff;\">juanecotono@gmail.com<\/span><span style=\"color: rgba(1, 22, 39, 0.75); font-size: 15px; font-style: normal; font-weight: 400;\">\u00a0y\u00a0<\/span><span style=\"font-size: 15px; font-style: normal; font-weight: 400; color: #0000ff;\">646 921 929<\/span><\/p>\t\t\t\t\t\t\t\t<\/div>\n\t\t\t\t<\/div>\n\t\t\t\t\t<\/div>\n\t\t<\/div>\n\t\t\t\t\t<\/div>\n\t\t<\/section>\n\t\t\t\t<section class=\"elementor-section elementor-top-section elementor-element elementor-element-3ae8204 elementor-section-boxed elementor-section-height-default elementor-section-height-default\" data-id=\"3ae8204\" data-element_type=\"section\">\n\t\t\t\t\t\t<div class=\"elementor-container elementor-column-gap-default\">\n\t\t\t\t\t<div class=\"elementor-column elementor-col-50 elementor-top-column elementor-element elementor-element-fc09aa7\" data-id=\"fc09aa7\" data-element_type=\"column\">\n\t\t\t<div class=\"elementor-widget-wrap elementor-element-populated\">\n\t\t\t\t\t\t<div class=\"elementor-element elementor-element-bfa3f1d elementor-widget elementor-widget-text-editor\" data-id=\"bfa3f1d\" data-element_type=\"widget\" data-widget_type=\"text-editor.default\">\n\t\t\t\t<div class=\"elementor-widget-container\">\n\t\t\t\t\t\t\t\t\t<p style=\"text-align: center;\">FORMATO ON-LINE:&nbsp;<strong>Disponible<\/strong>.&nbsp;<\/p>\n<p><span style=\"color: #ff0000;\"><strong>&nbsp;Pasada edici\u00f3n en 1 JUNIO 2021.&nbsp;<\/strong><\/span><\/p>\n<p><span style=\"color: #ff0000;\"><strong>&nbsp;<a href=\"https:\/\/ecotono.org.es\/wp-content\/uploads\/2021\/08\/MODELO-FICHA-FOTOTRAMPEO.pdf\" target=\"_blank\" rel=\"noopener\">DESCARGAR PROGRAMA<\/a><\/strong><\/span><\/p>\t\t\t\t\t\t\t\t<\/div>\n\t\t\t\t<\/div>\n\t\t\t\t\t<\/div>\n\t\t<\/div>\n\t\t\t\t<div class=\"elementor-column elementor-col-50 elementor-top-column elementor-element elementor-element-fed3016\" data-id=\"fed3016\" data-element_type=\"column\">\n\t\t\t<div class=\"elementor-widget-wrap elementor-element-populated\">\n\t\t\t\t\t\t<div class=\"elementor-element elementor-element-ae0b8b5 elementor-widget elementor-widget-text-editor\" data-id=\"ae0b8b5\" data-element_type=\"widget\" data-widget_type=\"text-editor.default\">\n\t\t\t\t<div class=\"elementor-widget-container\">\n\t\t\t\t\t\t\t\t\t<p style=\"text-align: center;\">FORMATO PRESENCIAL:\u00a0<strong>Disponible<\/strong>.<\/p><p>\u00a0<span style=\"color: #ff0000; font-size: 15px; font-style: normal; font-weight: bold;\">Pr\u00f3xima edici\u00f3n en 1 JUNIO 2024.\u00a0<\/span><\/p>\t\t\t\t\t\t\t\t<\/div>\n\t\t\t\t<\/div>\n\t\t\t\t\t<\/div>\n\t\t<\/div>\n\t\t\t\t\t<\/div>\n\t\t<\/section>\n\t\t\t\t<section class=\"elementor-section elementor-top-section elementor-element elementor-element-698c553b elementor-section-boxed elementor-section-height-default elementor-section-height-default\" data-id=\"698c553b\" data-element_type=\"section\">\n\t\t\t\t\t\t<div class=\"elementor-container elementor-column-gap-default\">\n\t\t\t\t\t<div class=\"elementor-column elementor-col-100 elementor-top-column elementor-element elementor-element-1fb34b\" data-id=\"1fb34b\" data-element_type=\"column\">\n\t\t\t<div class=\"elementor-widget-wrap elementor-element-populated\">\n\t\t\t\t\t\t<div class=\"elementor-element elementor-element-747d497c elementor-pagination-position-outside elementor--h-position-center elementor--v-position-middle elementor-arrows-position-inside elementor-widget elementor-widget-slides\" data-id=\"747d497c\" data-element_type=\"widget\" data-settings=\"{&quot;navigation&quot;:&quot;both&quot;,&quot;infinite&quot;:&quot;yes&quot;,&quot;transition&quot;:&quot;slide&quot;,&quot;transition_speed&quot;:500}\" data-widget_type=\"slides.default\">\n\t\t\t\t<div class=\"elementor-widget-container\">\n\t\t\t\t\t\t\t\t\t<div class=\"elementor-swiper\">\n\t\t\t\t\t<div class=\"elementor-slides-wrapper elementor-main-swiper swiper\" role=\"region\" aria-roledescription=\"carousel\" aria-label=\"Diapositivas\" dir=\"ltr\" data-animation=\"fadeInUp\">\n\t\t\t\t<div class=\"swiper-wrapper elementor-slides\">\n\t\t\t\t\t\t\t\t\t\t<div class=\"elementor-repeater-item-ea82c36 swiper-slide\" role=\"group\" aria-roledescription=\"slide\"><div class=\"swiper-slide-bg\" role=\"img\" aria-label=\"3\"><\/div><div class=\"swiper-slide-inner\" ><div class=\"swiper-slide-contents\"><div  class=\"elementor-button elementor-slide-button elementor-size-xs\">C\u00e1mara colocada en un \u00e1rbol<\/div><\/div><\/div><\/div><div class=\"elementor-repeater-item-ec6ee88 swiper-slide\" role=\"group\" aria-roledescription=\"slide\"><div class=\"swiper-slide-bg\" role=\"img\" aria-label=\"1\"><\/div><div class=\"swiper-slide-inner\" ><div class=\"swiper-slide-contents\"><div  class=\"elementor-button elementor-slide-button elementor-size-xs\">C\u00e1mara oculta en el bosque<\/div><\/div><\/div><\/div><div class=\"elementor-repeater-item-958ee5f swiper-slide\" role=\"group\" aria-roledescription=\"slide\"><div class=\"swiper-slide-bg\" role=\"img\" aria-label=\"6\"><\/div><div class=\"swiper-slide-inner\" ><div class=\"swiper-slide-contents\"><div  class=\"elementor-button elementor-slide-button elementor-size-xs\">Panel de configuraci\u00f3n<\/div><\/div><\/div><\/div><div class=\"elementor-repeater-item-e0364f5 swiper-slide\" role=\"group\" aria-roledescription=\"slide\"><div class=\"swiper-slide-bg\" role=\"img\" aria-label=\"4\"><\/div><div class=\"swiper-slide-inner\" ><div class=\"swiper-slide-contents\"><div  class=\"elementor-button elementor-slide-button elementor-size-xs\">Macho de ciervo capturado por una c\u00e1mara<\/div><\/div><\/div><\/div><div class=\"elementor-repeater-item-04dceeb swiper-slide\" role=\"group\" aria-roledescription=\"slide\"><div class=\"swiper-slide-bg\" role=\"img\" aria-label=\"5\"><\/div><div class=\"swiper-slide-inner\" ><div class=\"swiper-slide-contents\"><div  class=\"elementor-button elementor-slide-button elementor-size-xs\">Jabal\u00ed cerca de una charca, de noche<\/div><\/div><\/div><\/div>\t\t\t\t<\/div>\n\t\t\t\t\t\t\t\t\t\t\t\t\t\t\t<div class=\"elementor-swiper-button elementor-swiper-button-prev\" role=\"button\" tabindex=\"0\" aria-label=\"Diapositiva anterior\">\n\t\t\t\t\t\t\t<i aria-hidden=\"true\" class=\"eicon-chevron-left\"><\/i>\t\t\t\t\t\t<\/div>\n\t\t\t\t\t\t<div class=\"elementor-swiper-button elementor-swiper-button-next\" role=\"button\" tabindex=\"0\" aria-label=\"Diapositiva siguiente\">\n\t\t\t\t\t\t\t<i aria-hidden=\"true\" class=\"eicon-chevron-right\"><\/i>\t\t\t\t\t\t<\/div>\n\t\t\t\t\t\t\t\t\t\t\t\t\t\t\t\t<div class=\"swiper-pagination\"><\/div>\n\t\t\t\t\t\t\t\t\t\t\t\t<\/div>\n\t\t\t\t<\/div>\n\t\t\t\t\t\t\t\t<\/div>\n\t\t\t\t<\/div>\n\t\t\t\t\t<\/div>\n\t\t<\/div>\n\t\t\t\t\t<\/div>\n\t\t<\/section>\n\t\t\t\t<section class=\"elementor-section elementor-top-section elementor-element elementor-element-058ec41 elementor-section-boxed elementor-section-height-default elementor-section-height-default\" data-id=\"058ec41\" data-element_type=\"section\">\n\t\t\t\t\t\t<div class=\"elementor-container elementor-column-gap-default\">\n\t\t\t\t\t<div class=\"elementor-column elementor-col-100 elementor-top-column elementor-element elementor-element-a99f3f4\" data-id=\"a99f3f4\" data-element_type=\"column\">\n\t\t\t<div class=\"elementor-widget-wrap elementor-element-populated\">\n\t\t\t\t\t\t<div class=\"elementor-element elementor-element-37db513 elementor-widget elementor-widget-spacer\" data-id=\"37db513\" data-element_type=\"widget\" data-widget_type=\"spacer.default\">\n\t\t\t\t<div class=\"elementor-widget-container\">\n\t\t\t\t\t\t\t<div class=\"elementor-spacer\">\n\t\t\t<div class=\"elementor-spacer-inner\"><\/div>\n\t\t<\/div>\n\t\t\t\t\t\t<\/div>\n\t\t\t\t<\/div>\n\t\t\t\t\t<\/div>\n\t\t<\/div>\n\t\t\t\t\t<\/div>\n\t\t<\/section>\n\t\t\t\t<\/div>\n\t\t","protected":false},"excerpt":{"rendered":"<p>Curso de fototrampeo aplicado al estudio de la fauna y los ecosistemas En este curso se revisan los aspectos t\u00e9cnicos clave de los equipos de fototrampeo que permiten entender su funcionamiento y aprovechar todo su potencial. Adem\u00e1s se tratan temas de normativa, colocaci\u00f3n en campo y de manera destacada las metodolog\u00edas que te permitir\u00e1n aprovechar [&hellip;]<\/p>\n","protected":false},"author":1,"featured_media":0,"parent":0,"menu_order":0,"comment_status":"closed","ping_status":"closed","template":"","meta":{"site-sidebar-layout":"no-sidebar","site-content-layout":"page-builder","ast-site-content-layout":"","site-content-style":"default","site-sidebar-style":"default","ast-global-header-display":"","ast-banner-title-visibility":"","ast-main-header-display":"","ast-hfb-above-header-display":"","ast-hfb-below-header-display":"","ast-hfb-mobile-header-display":"","site-post-title":"disabled","ast-breadcrumbs-content":"","ast-featured-img":"disabled","footer-sml-layout":"","theme-transparent-header-meta":"default","adv-header-id-meta":"","stick-header-meta":"","header-above-stick-meta":"","header-main-stick-meta":"","header-below-stick-meta":"","astra-migrate-meta-layouts":"default","ast-page-background-enabled":"default","ast-page-background-meta":{"desktop":{"background-color":"","background-image":"","background-repeat":"repeat","background-position":"center center","background-size":"auto","background-attachment":"scroll","background-type":"","background-media":"","overlay-type":"","overlay-color":"","overlay-opacity":"","overlay-gradient":""},"tablet":{"background-color":"","background-image":"","background-repeat":"repeat","background-position":"center center","background-size":"auto","background-attachment":"scroll","background-type":"","background-media":"","overlay-type":"","overlay-color":"","overlay-opacity":"","overlay-gradient":""},"mobile":{"background-color":"","background-image":"","background-repeat":"repeat","background-position":"center center","background-size":"auto","background-attachment":"scroll","background-type":"","background-media":"","overlay-type":"","overlay-color":"","overlay-opacity":"","overlay-gradient":""}},"ast-content-background-meta":{"desktop":{"background-color":"var(--ast-global-color-5)","background-image":"","background-repeat":"repeat","background-position":"center center","background-size":"auto","background-attachment":"scroll","background-type":"","background-media":"","overlay-type":"","overlay-color":"","overlay-opacity":"","overlay-gradient":""},"tablet":{"background-color":"var(--ast-global-color-5)","background-image":"","background-repeat":"repeat","background-position":"center center","background-size":"auto","background-attachment":"scroll","background-type":"","background-media":"","overlay-type":"","overlay-color":"","overlay-opacity":"","overlay-gradient":""},"mobile":{"background-color":"var(--ast-global-color-5)","background-image":"","background-repeat":"repeat","background-position":"center center","background-size":"auto","background-attachment":"scroll","background-type":"","background-media":"","overlay-type":"","overlay-color":"","overlay-opacity":"","overlay-gradient":""}},"footnotes":""},"class_list":["post-659","page","type-page","status-publish","hentry"],"_links":{"self":[{"href":"https:\/\/ecotono.org.es\/index.php?rest_route=\/wp\/v2\/pages\/659","targetHints":{"allow":["GET"]}}],"collection":[{"href":"https:\/\/ecotono.org.es\/index.php?rest_route=\/wp\/v2\/pages"}],"about":[{"href":"https:\/\/ecotono.org.es\/index.php?rest_route=\/wp\/v2\/types\/page"}],"author":[{"embeddable":true,"href":"https:\/\/ecotono.org.es\/index.php?rest_route=\/wp\/v2\/users\/1"}],"replies":[{"embeddable":true,"href":"https:\/\/ecotono.org.es\/index.php?rest_route=%2Fwp%2Fv2%2Fcomments&post=659"}],"version-history":[{"count":69,"href":"https:\/\/ecotono.org.es\/index.php?rest_route=\/wp\/v2\/pages\/659\/revisions"}],"predecessor-version":[{"id":2490,"href":"https:\/\/ecotono.org.es\/index.php?rest_route=\/wp\/v2\/pages\/659\/revisions\/2490"}],"wp:attachment":[{"href":"https:\/\/ecotono.org.es\/index.php?rest_route=%2Fwp%2Fv2%2Fmedia&parent=659"}],"curies":[{"name":"wp","href":"https:\/\/api.w.org\/{rel}","templated":true}]}}