{"id":616,"date":"2020-09-14T10:52:15","date_gmt":"2020-09-14T10:52:15","guid":{"rendered":"https:\/\/ecotono.org.es\/?page_id=616"},"modified":"2026-04-03T10:25:01","modified_gmt":"2026-04-03T10:25:01","slug":"elementor-616","status":"publish","type":"page","link":"https:\/\/ecotono.org.es\/?page_id=616","title":{"rendered":"Curso de iniciaci\u00f3n al rastreo"},"content":{"rendered":"\t\t<div data-elementor-type=\"wp-page\" data-elementor-id=\"616\" class=\"elementor elementor-616\" data-elementor-post-type=\"page\">\n\t\t\t\t\t\t<section class=\"elementor-section elementor-top-section elementor-element elementor-element-69930937 elementor-section-content-middle elementor-section-boxed elementor-section-height-default elementor-section-height-default\" data-id=\"69930937\" data-element_type=\"section\" data-settings=\"{&quot;background_background&quot;:&quot;classic&quot;}\">\n\t\t\t\t\t\t\t<div class=\"elementor-background-overlay\"><\/div>\n\t\t\t\t\t\t\t<div class=\"elementor-container elementor-column-gap-no\">\n\t\t\t\t\t<div class=\"elementor-column elementor-col-100 elementor-top-column elementor-element elementor-element-5ebb1f89\" data-id=\"5ebb1f89\" data-element_type=\"column\">\n\t\t\t<div class=\"elementor-widget-wrap elementor-element-populated\">\n\t\t\t\t\t\t<div class=\"elementor-element elementor-element-41ac4ac2 elementor-widget elementor-widget-heading\" data-id=\"41ac4ac2\" data-element_type=\"widget\" data-widget_type=\"heading.default\">\n\t\t\t\t<div class=\"elementor-widget-container\">\n\t\t\t\t\t<h1 class=\"elementor-heading-title elementor-size-xl\">Curso de iniciaci\u00f3n al rastreo<\/h1>\t\t\t\t<\/div>\n\t\t\t\t<\/div>\n\t\t\t\t\t<\/div>\n\t\t<\/div>\n\t\t\t\t\t<\/div>\n\t\t<\/section>\n\t\t\t\t<section class=\"elementor-section elementor-top-section elementor-element elementor-element-6fc5529 elementor-section-boxed elementor-section-height-default elementor-section-height-default\" data-id=\"6fc5529\" data-element_type=\"section\">\n\t\t\t\t\t\t<div class=\"elementor-container elementor-column-gap-default\">\n\t\t\t\t\t<div class=\"elementor-column elementor-col-100 elementor-top-column elementor-element elementor-element-8ecb5a2\" data-id=\"8ecb5a2\" data-element_type=\"column\">\n\t\t\t<div class=\"elementor-widget-wrap elementor-element-populated\">\n\t\t\t\t\t\t<div class=\"elementor-element elementor-element-55fb7f1 elementor-widget elementor-widget-text-editor\" data-id=\"55fb7f1\" data-element_type=\"widget\" data-widget_type=\"text-editor.default\">\n\t\t\t\t<div class=\"elementor-widget-container\">\n\t\t\t\t\t\t\t\t\t<p><span style=\"font-size: 15px; font-style: normal; font-weight: 400;\">El\u00a0<\/span><span style=\"font-size: 15px; font-style: normal; font-weight: bold;\">rastreo\u00a0<\/span><span style=\"font-size: 15px; font-style: normal; font-weight: 400;\">es la actividad humana m\u00e1s ancestral, donde el arte y la ciencia se confunden. La b\u00fasqueda de informaci\u00f3n fue determinante para la evoluci\u00f3n de nuestra especie. Mediante este curso queremos contribuir a conservar parte de este patrimonio inmaterial de la humanidad. Ya van a\u00f1os que estamos trayendo a los mejores rastreadores del pa\u00eds al Aula de Emprendimiento Ambiental de Ecotono en Peguerinos (\u00c1vila)\u00a0<\/span><\/p><p><b>CONTACTO:<\/b> <span style=\"color: #0000ff;\">juanecotono@gmail.com<\/span> y <span style=\"color: #0000ff;\">646 921 929<\/span><\/p>\t\t\t\t\t\t\t\t<\/div>\n\t\t\t\t<\/div>\n\t\t\t\t\t<\/div>\n\t\t<\/div>\n\t\t\t\t\t<\/div>\n\t\t<\/section>\n\t\t\t\t<section class=\"elementor-section elementor-top-section elementor-element elementor-element-5def145 elementor-section-boxed elementor-section-height-default elementor-section-height-default\" data-id=\"5def145\" data-element_type=\"section\">\n\t\t\t\t\t\t<div class=\"elementor-container elementor-column-gap-default\">\n\t\t\t\t\t<div class=\"elementor-column elementor-col-50 elementor-top-column elementor-element elementor-element-e36a416\" data-id=\"e36a416\" data-element_type=\"column\">\n\t\t\t<div class=\"elementor-widget-wrap elementor-element-populated\">\n\t\t\t\t\t\t<div class=\"elementor-element elementor-element-9d309e4 elementor-widget elementor-widget-text-editor\" data-id=\"9d309e4\" data-element_type=\"widget\" data-widget_type=\"text-editor.default\">\n\t\t\t\t<div class=\"elementor-widget-container\">\n\t\t\t\t\t\t\t\t\t<p style=\"text-align: center;\">FORMATO <strong>ON-LINE<\/strong>: <span style=\"color: #ff0000;\">NO <strong>disponible<\/strong><\/span>.\u00a0<\/p><p><span style=\"color: #ff0000;\"><strong>\u00a0Edici\u00f3n 2\u00ba SEMESTRE 2026<\/strong><\/span><\/p><p><strong><span style=\"color: #0000ff;\">VER EL <a href=\"https:\/\/www.youtube.com\/watch?v=3Y6KHZo1F_Y\"><span style=\"text-decoration: underline;\">V\u00cdDEO DEL CURSO<\/span><\/a><\/span><\/strong><\/p><p><strong><a href=\"https:\/\/ecotono.org.es\/wp-content\/uploads\/2021\/08\/MODELO-FICHA-RASTREO.pdf\" target=\"_blank\" rel=\"noopener\">MODELO <span style=\"text-decoration: underline;\">FICHA RASTREO<\/span><\/a><\/strong><\/p>\t\t\t\t\t\t\t\t<\/div>\n\t\t\t\t<\/div>\n\t\t\t\t\t<\/div>\n\t\t<\/div>\n\t\t\t\t<div class=\"elementor-column elementor-col-50 elementor-top-column elementor-element elementor-element-1fa3d8c\" data-id=\"1fa3d8c\" data-element_type=\"column\">\n\t\t\t<div class=\"elementor-widget-wrap elementor-element-populated\">\n\t\t\t\t\t\t<div class=\"elementor-element elementor-element-c2eba28 elementor-widget elementor-widget-text-editor\" data-id=\"c2eba28\" data-element_type=\"widget\" data-widget_type=\"text-editor.default\">\n\t\t\t\t<div class=\"elementor-widget-container\">\n\t\t\t\t\t\t\t\t\t<p style=\"text-align: center;\">FORMATO <b>PRESENCIAL<\/b>: <span style=\"color: #339966;\"><strong>disponible<\/strong><\/span>.<\/p><p><span style=\"color: #ff0000; font-size: 15px; font-style: normal; font-weight: bold;\"><span style=\"color: #008000;\">Ediciones pasadas:<\/span><\/span><\/p><ul><li><span style=\"color: #ff0000; font-size: 15px; font-style: normal; font-weight: bold;\"><strong>16 al 18 enero de 2026<\/strong><\/span><\/li><\/ul><ul><li><span style=\"color: #ff0000; font-size: 15px; font-style: normal; font-weight: bold;\">13 a 15 de febrero-2026\u00a0<\/span><\/li><\/ul><p><b>EVALUACI\u00d3N RASTREO<\/b> <b>DO\u00d1ANA<\/b>: <span style=\"color: #339966;\"><strong>1 y 2 DE MAYO 2026<\/strong><\/span><\/p><p><span style=\"font-size: 15px;\">HABLA GAL\u00c1N: <span style=\"text-decoration: underline;\"><strong><a href=\"https:\/\/www.rtve.es\/alacarta\/audios\/el-bosque-habitado\/bosque-habitado-entrelineas-naturaleza-jose-galan-17-01-16\/3446736\/\">ESC\u00daCHALO<\/a><\/strong><\/span><\/span><\/p><p>VER EL <span style=\"text-decoration: underline;\"><strong><a href=\"https:\/\/www.youtube.com\/watch?v=MC8fNlK1ZDw\">VIDEO<\/a><\/strong><\/span><strong>\u00a0<\/strong><\/p>\t\t\t\t\t\t\t\t<\/div>\n\t\t\t\t<\/div>\n\t\t\t\t\t<\/div>\n\t\t<\/div>\n\t\t\t\t\t<\/div>\n\t\t<\/section>\n\t\t\t\t<section class=\"elementor-section elementor-top-section elementor-element elementor-element-c5dc7f0 elementor-section-boxed elementor-section-height-default elementor-section-height-default\" data-id=\"c5dc7f0\" data-element_type=\"section\">\n\t\t\t\t\t\t<div class=\"elementor-container elementor-column-gap-default\">\n\t\t\t\t\t<div class=\"elementor-column elementor-col-100 elementor-top-column elementor-element elementor-element-fde51e3\" data-id=\"fde51e3\" data-element_type=\"column\">\n\t\t\t<div class=\"elementor-widget-wrap elementor-element-populated\">\n\t\t\t\t\t\t<div class=\"elementor-element elementor-element-ec6e8a6 elementor-pagination-position-outside elementor--v-position-bottom elementor-arrows-position-inside elementor-widget elementor-widget-slides\" data-id=\"ec6e8a6\" data-element_type=\"widget\" data-settings=\"{&quot;navigation&quot;:&quot;both&quot;,&quot;infinite&quot;:&quot;yes&quot;,&quot;transition&quot;:&quot;slide&quot;,&quot;transition_speed&quot;:500}\" data-widget_type=\"slides.default\">\n\t\t\t\t<div class=\"elementor-widget-container\">\n\t\t\t\t\t\t\t\t\t<div class=\"elementor-swiper\">\n\t\t\t\t\t<div class=\"elementor-slides-wrapper elementor-main-swiper swiper\" role=\"region\" aria-roledescription=\"carousel\" aria-label=\"Diapositivas\" dir=\"ltr\" data-animation=\"fadeInUp\">\n\t\t\t\t<div class=\"swiper-wrapper elementor-slides\">\n\t\t\t\t\t\t\t\t\t\t<div class=\"elementor-repeater-item-ec6ee88 swiper-slide\" role=\"group\" aria-roledescription=\"slide\"><div class=\"swiper-slide-bg\" role=\"img\" aria-label=\"DSCN0121\"><\/div><div class=\"swiper-slide-inner\" ><div class=\"swiper-slide-contents\"><div  class=\"elementor-button elementor-slide-button elementor-size-xs\">Jose Mar\u00eda Gal\u00e1n mostrando ilustraciones a los alumnos<\/div><\/div><\/div><\/div><div class=\"elementor-repeater-item-ea82c36 swiper-slide\" role=\"group\" aria-roledescription=\"slide\"><div class=\"swiper-slide-bg\" role=\"img\" aria-label=\"Hubara\"><\/div><div class=\"swiper-slide-inner\" ><div class=\"swiper-slide-contents\"><div  class=\"elementor-button elementor-slide-button elementor-size-xs\">\u00bfSabes de qui\u00e9n es esta huella?<\/div><\/div><\/div><\/div><div class=\"elementor-repeater-item-958ee5f swiper-slide\" role=\"group\" aria-roledescription=\"slide\"><div class=\"swiper-slide-bg\" role=\"img\" aria-label=\"_DSC4084\"><\/div><div class=\"swiper-slide-inner\" ><div class=\"swiper-slide-contents\"><div  class=\"elementor-button elementor-slide-button elementor-size-xs\">Clase te\u00f3rica<\/div><\/div><\/div><\/div><div class=\"elementor-repeater-item-e0364f5 swiper-slide\" role=\"group\" aria-roledescription=\"slide\"><div class=\"swiper-slide-bg\" role=\"img\" aria-label=\"IMG-20180910-WA0009\"><\/div><div class=\"swiper-slide-inner\" ><div class=\"swiper-slide-contents\"><div  class=\"elementor-button elementor-slide-button elementor-size-xs\">Medici\u00f3n de huellas<\/div><\/div><\/div><\/div><div class=\"elementor-repeater-item-9ea7e0d swiper-slide\" role=\"group\" aria-roledescription=\"slide\"><div class=\"swiper-slide-bg\" role=\"img\" aria-label=\"Grupo foto Gal\u00e1n\"><\/div><div class=\"swiper-slide-inner\" ><div class=\"swiper-slide-contents\"><div class=\"elementor-slide-heading\">Promo sept 2022<\/div><\/div><\/div><\/div>\t\t\t\t<\/div>\n\t\t\t\t\t\t\t\t\t\t\t\t\t\t\t<div class=\"elementor-swiper-button elementor-swiper-button-prev\" role=\"button\" tabindex=\"0\" aria-label=\"Diapositiva anterior\">\n\t\t\t\t\t\t\t<i aria-hidden=\"true\" class=\"eicon-chevron-left\"><\/i>\t\t\t\t\t\t<\/div>\n\t\t\t\t\t\t<div class=\"elementor-swiper-button elementor-swiper-button-next\" role=\"button\" tabindex=\"0\" aria-label=\"Diapositiva siguiente\">\n\t\t\t\t\t\t\t<i aria-hidden=\"true\" class=\"eicon-chevron-right\"><\/i>\t\t\t\t\t\t<\/div>\n\t\t\t\t\t\t\t\t\t\t\t\t\t\t\t\t<div class=\"swiper-pagination\"><\/div>\n\t\t\t\t\t\t\t\t\t\t\t\t<\/div>\n\t\t\t\t<\/div>\n\t\t\t\t\t\t\t\t<\/div>\n\t\t\t\t<\/div>\n\t\t\t\t\t<\/div>\n\t\t<\/div>\n\t\t\t\t\t<\/div>\n\t\t<\/section>\n\t\t\t\t<section class=\"elementor-section elementor-top-section elementor-element elementor-element-4e292d0 elementor-section-boxed elementor-section-height-default elementor-section-height-default\" data-id=\"4e292d0\" data-element_type=\"section\">\n\t\t\t\t\t\t<div class=\"elementor-container elementor-column-gap-default\">\n\t\t\t\t\t<div class=\"elementor-column elementor-col-100 elementor-top-column elementor-element elementor-element-2163d98\" data-id=\"2163d98\" data-element_type=\"column\">\n\t\t\t<div class=\"elementor-widget-wrap elementor-element-populated\">\n\t\t\t\t\t\t<div class=\"elementor-element elementor-element-cba2d14 elementor-widget elementor-widget-spacer\" data-id=\"cba2d14\" data-element_type=\"widget\" data-widget_type=\"spacer.default\">\n\t\t\t\t<div class=\"elementor-widget-container\">\n\t\t\t\t\t\t\t<div class=\"elementor-spacer\">\n\t\t\t<div class=\"elementor-spacer-inner\"><\/div>\n\t\t<\/div>\n\t\t\t\t\t\t<\/div>\n\t\t\t\t<\/div>\n\t\t\t\t\t<\/div>\n\t\t<\/div>\n\t\t\t\t\t<\/div>\n\t\t<\/section>\n\t\t\t\t<\/div>\n\t\t","protected":false},"excerpt":{"rendered":"<p>Curso de iniciaci\u00f3n al rastreo El\u00a0rastreo\u00a0es la actividad humana m\u00e1s ancestral, donde el arte y la ciencia se confunden. La b\u00fasqueda de informaci\u00f3n fue determinante para la evoluci\u00f3n de nuestra especie. Mediante este curso queremos contribuir a conservar parte de este patrimonio inmaterial de la humanidad. Ya van a\u00f1os que estamos trayendo a los mejores [&hellip;]<\/p>\n","protected":false},"author":1,"featured_media":0,"parent":0,"menu_order":0,"comment_status":"closed","ping_status":"closed","template":"","meta":{"site-sidebar-layout":"no-sidebar","site-content-layout":"page-builder","ast-site-content-layout":"","site-content-style":"default","site-sidebar-style":"default","ast-global-header-display":"","ast-banner-title-visibility":"","ast-main-header-display":"","ast-hfb-above-header-display":"","ast-hfb-below-header-display":"","ast-hfb-mobile-header-display":"","site-post-title":"disabled","ast-breadcrumbs-content":"","ast-featured-img":"disabled","footer-sml-layout":"","theme-transparent-header-meta":"default","adv-header-id-meta":"","stick-header-meta":"","header-above-stick-meta":"","header-main-stick-meta":"","header-below-stick-meta":"","astra-migrate-meta-layouts":"default","ast-page-background-enabled":"default","ast-page-background-meta":{"desktop":{"background-color":"","background-image":"","background-repeat":"repeat","background-position":"center center","background-size":"auto","background-attachment":"scroll","background-type":"","background-media":"","overlay-type":"","overlay-color":"","overlay-opacity":"","overlay-gradient":""},"tablet":{"background-color":"","background-image":"","background-repeat":"repeat","background-position":"center center","background-size":"auto","background-attachment":"scroll","background-type":"","background-media":"","overlay-type":"","overlay-color":"","overlay-opacity":"","overlay-gradient":""},"mobile":{"background-color":"","background-image":"","background-repeat":"repeat","background-position":"center center","background-size":"auto","background-attachment":"scroll","background-type":"","background-media":"","overlay-type":"","overlay-color":"","overlay-opacity":"","overlay-gradient":""}},"ast-content-background-meta":{"desktop":{"background-color":"var(--ast-global-color-5)","background-image":"","background-repeat":"repeat","background-position":"center center","background-size":"auto","background-attachment":"scroll","background-type":"","background-media":"","overlay-type":"","overlay-color":"","overlay-opacity":"","overlay-gradient":""},"tablet":{"background-color":"var(--ast-global-color-5)","background-image":"","background-repeat":"repeat","background-position":"center center","background-size":"auto","background-attachment":"scroll","background-type":"","background-media":"","overlay-type":"","overlay-color":"","overlay-opacity":"","overlay-gradient":""},"mobile":{"background-color":"var(--ast-global-color-5)","background-image":"","background-repeat":"repeat","background-position":"center center","background-size":"auto","background-attachment":"scroll","background-type":"","background-media":"","overlay-type":"","overlay-color":"","overlay-opacity":"","overlay-gradient":""}},"footnotes":""},"class_list":["post-616","page","type-page","status-publish","hentry"],"_links":{"self":[{"href":"https:\/\/ecotono.org.es\/index.php?rest_route=\/wp\/v2\/pages\/616","targetHints":{"allow":["GET"]}}],"collection":[{"href":"https:\/\/ecotono.org.es\/index.php?rest_route=\/wp\/v2\/pages"}],"about":[{"href":"https:\/\/ecotono.org.es\/index.php?rest_route=\/wp\/v2\/types\/page"}],"author":[{"embeddable":true,"href":"https:\/\/ecotono.org.es\/index.php?rest_route=\/wp\/v2\/users\/1"}],"replies":[{"embeddable":true,"href":"https:\/\/ecotono.org.es\/index.php?rest_route=%2Fwp%2Fv2%2Fcomments&post=616"}],"version-history":[{"count":123,"href":"https:\/\/ecotono.org.es\/index.php?rest_route=\/wp\/v2\/pages\/616\/revisions"}],"predecessor-version":[{"id":2872,"href":"https:\/\/ecotono.org.es\/index.php?rest_route=\/wp\/v2\/pages\/616\/revisions\/2872"}],"wp:attachment":[{"href":"https:\/\/ecotono.org.es\/index.php?rest_route=%2Fwp%2Fv2%2Fmedia&parent=616"}],"curies":[{"name":"wp","href":"https:\/\/api.w.org\/{rel}","templated":true}]}}