{"id":552,"date":"2020-07-28T07:16:15","date_gmt":"2020-07-28T07:16:15","guid":{"rendered":"https:\/\/ecotono.org.es\/?page_id=552"},"modified":"2020-07-28T09:26:30","modified_gmt":"2020-07-28T09:26:30","slug":"escuela-emprendimiento-ambiental","status":"publish","type":"page","link":"https:\/\/ecotono.org.es\/?page_id=552","title":{"rendered":"Escuela emprendimiento ambiental"},"content":{"rendered":"\t\t<div data-elementor-type=\"wp-page\" data-elementor-id=\"552\" class=\"elementor elementor-552\" data-elementor-post-type=\"page\">\n\t\t\t\t\t\t<section class=\"elementor-section elementor-top-section elementor-element elementor-element-dc145c1 elementor-section-boxed elementor-section-height-default elementor-section-height-default\" data-id=\"dc145c1\" data-element_type=\"section\">\n\t\t\t\t\t\t<div class=\"elementor-container elementor-column-gap-default\">\n\t\t\t\t\t<div class=\"elementor-column elementor-col-100 elementor-top-column elementor-element elementor-element-ff28699\" data-id=\"ff28699\" data-element_type=\"column\">\n\t\t\t<div class=\"elementor-widget-wrap elementor-element-populated\">\n\t\t\t\t\t\t<div class=\"elementor-element elementor-element-1c3f5c7 elementor-widget elementor-widget-heading\" data-id=\"1c3f5c7\" data-element_type=\"widget\" data-widget_type=\"heading.default\">\n\t\t\t\t<div class=\"elementor-widget-container\">\n\t\t\t\t\t<h2 class=\"elementor-heading-title elementor-size-default\">Escuela de emprendimiento ambiental<\/h2>\t\t\t\t<\/div>\n\t\t\t\t<\/div>\n\t\t\t\t\t<\/div>\n\t\t<\/div>\n\t\t\t\t\t<\/div>\n\t\t<\/section>\n\t\t\t\t<section class=\"elementor-section elementor-top-section elementor-element elementor-element-8999f19 elementor-section-boxed elementor-section-height-default elementor-section-height-default\" data-id=\"8999f19\" data-element_type=\"section\">\n\t\t\t\t\t\t<div class=\"elementor-container elementor-column-gap-default\">\n\t\t\t\t\t<div class=\"elementor-column elementor-col-100 elementor-top-column elementor-element elementor-element-1252abf\" data-id=\"1252abf\" data-element_type=\"column\">\n\t\t\t<div class=\"elementor-widget-wrap elementor-element-populated\">\n\t\t\t\t\t\t<div class=\"elementor-element elementor-element-5832198 elementor-widget elementor-widget-text-editor\" data-id=\"5832198\" data-element_type=\"widget\" data-widget_type=\"text-editor.default\">\n\t\t\t\t<div class=\"elementor-widget-container\">\n\t\t\t\t\t\t\t\t\t<p>En <span style=\"font-size: 15px;\">el <\/span>Parque Natural de la Sierra Norte de Guadarrama y ZEPA de Pinares de Peguerinos y Az\u00e1lvaro, en la localidad de Peguerinos (\u00c1vila), la asociaci\u00f3n cuenta con la <b>Escuela de Emprendimiento Ambiental,<\/b>\u00a0 un centro que permite desarrollar talleres pr\u00e1cticos, cursos de formaci\u00f3n presencial, eventos y\u00a0 reuniones en plena naturaleza en donde pueden verse especies protegidas como la cig\u00fce\u00f1a negra, el buitre negro, el \u00e1guila imperial la nutria e incluso el lobo<span style=\"font-size: 15px;\">.<\/span><\/p><p class=\"MsoNormal\" style=\"margin-left: 70.8pt;\">\u00a0<\/p><p class=\"MsoNormal\" style=\"margin-left: 70.8pt;\">A 20 KM de El Escorial (Madrid), a 10 km de Las Navas de El Marqu\u00e9s.<\/p><p style=\"text-align: left;\">(FOTO DE LA CASA)<\/p><p>\u00a0<\/p><p>El edificio cuenta con parcela con eco-jard\u00edn y dispone de xxx plazas en r\u00e9gimen de alojamiento.<\/p><p>\u00a0<\/p><p>Son ya muy numerosas las acciones formativas desarrolladas en nuestras escuela, que permiten combinar la formaci\u00f3n en aula, equipada con las \u00faltimas tecnolog\u00edas pedag\u00f3gicas, con el uso del entorno natural inmersos en espectaculares pinares y monta\u00f1as.<\/p><p>\u00a0<\/p>\t\t\t\t\t\t\t\t<\/div>\n\t\t\t\t<\/div>\n\t\t\t\t\t<\/div>\n\t\t<\/div>\n\t\t\t\t\t<\/div>\n\t\t<\/section>\n\t\t\t\t<section class=\"elementor-section elementor-top-section elementor-element elementor-element-4e94fb1 elementor-section-boxed elementor-section-height-default elementor-section-height-default\" data-id=\"4e94fb1\" data-element_type=\"section\">\n\t\t\t\t\t\t<div class=\"elementor-container elementor-column-gap-default\">\n\t\t\t\t\t<div class=\"elementor-column elementor-col-100 elementor-top-column elementor-element elementor-element-ba3da6a\" data-id=\"ba3da6a\" data-element_type=\"column\">\n\t\t\t<div class=\"elementor-widget-wrap elementor-element-populated\">\n\t\t\t\t\t\t<div class=\"elementor-element elementor-element-de4b185 elementor-widget elementor-widget-image\" data-id=\"de4b185\" data-element_type=\"widget\" data-widget_type=\"image.default\">\n\t\t\t\t<div class=\"elementor-widget-container\">\n\t\t\t\t\t\t\t\t\t\t\t\t<figure class=\"wp-caption\">\n\t\t\t\t\t\t\t\t\t\t<img fetchpriority=\"high\" decoding=\"async\" width=\"1024\" height=\"576\" src=\"https:\/\/ecotono.org.es\/wp-content\/uploads\/2020\/07\/escuela-emprendimiento1-1024x576.jpg\" class=\"attachment-large size-large wp-image-558\" alt=\"\" srcset=\"https:\/\/ecotono.org.es\/wp-content\/uploads\/2020\/07\/escuela-emprendimiento1-1024x576.jpg 1024w, https:\/\/ecotono.org.es\/wp-content\/uploads\/2020\/07\/escuela-emprendimiento1-300x169.jpg 300w, https:\/\/ecotono.org.es\/wp-content\/uploads\/2020\/07\/escuela-emprendimiento1-768x432.jpg 768w, https:\/\/ecotono.org.es\/wp-content\/uploads\/2020\/07\/escuela-emprendimiento1-1536x864.jpg 1536w, https:\/\/ecotono.org.es\/wp-content\/uploads\/2020\/07\/escuela-emprendimiento1.jpg 1920w\" sizes=\"(max-width: 1024px) 100vw, 1024px\" \/>\t\t\t\t\t\t\t\t\t\t\t<figcaption class=\"widget-image-caption wp-caption-text\">Curso de rastros y huellas con Jose Mar\u00eda Gal\u00e1n<\/figcaption>\n\t\t\t\t\t\t\t\t\t\t<\/figure>\n\t\t\t\t\t\t\t\t\t<\/div>\n\t\t\t\t<\/div>\n\t\t\t\t\t<\/div>\n\t\t<\/div>\n\t\t\t\t\t<\/div>\n\t\t<\/section>\n\t\t\t\t<\/div>\n\t\t","protected":false},"excerpt":{"rendered":"<p>Escuela de emprendimiento ambiental En el Parque Natural de la Sierra Norte de Guadarrama y ZEPA de Pinares de Peguerinos y Az\u00e1lvaro, en la localidad de Peguerinos (\u00c1vila), la asociaci\u00f3n cuenta con la Escuela de Emprendimiento Ambiental,\u00a0 un centro que permite desarrollar talleres pr\u00e1cticos, cursos de formaci\u00f3n presencial, eventos y\u00a0 reuniones en plena naturaleza en [&hellip;]<\/p>\n","protected":false},"author":1,"featured_media":0,"parent":0,"menu_order":0,"comment_status":"closed","ping_status":"closed","template":"","meta":{"site-sidebar-layout":"no-sidebar","site-content-layout":"page-builder","ast-site-content-layout":"","site-content-style":"default","site-sidebar-style":"default","ast-global-header-display":"","ast-banner-title-visibility":"","ast-main-header-display":"","ast-hfb-above-header-display":"","ast-hfb-below-header-display":"","ast-hfb-mobile-header-display":"","site-post-title":"disabled","ast-breadcrumbs-content":"","ast-featured-img":"disabled","footer-sml-layout":"","theme-transparent-header-meta":"default","adv-header-id-meta":"","stick-header-meta":"","header-above-stick-meta":"","header-main-stick-meta":"","header-below-stick-meta":"","astra-migrate-meta-layouts":"default","ast-page-background-enabled":"default","ast-page-background-meta":{"desktop":{"background-color":"","background-image":"","background-repeat":"repeat","background-position":"center center","background-size":"auto","background-attachment":"scroll","background-type":"","background-media":"","overlay-type":"","overlay-color":"","overlay-opacity":"","overlay-gradient":""},"tablet":{"background-color":"","background-image":"","background-repeat":"repeat","background-position":"center center","background-size":"auto","background-attachment":"scroll","background-type":"","background-media":"","overlay-type":"","overlay-color":"","overlay-opacity":"","overlay-gradient":""},"mobile":{"background-color":"","background-image":"","background-repeat":"repeat","background-position":"center center","background-size":"auto","background-attachment":"scroll","background-type":"","background-media":"","overlay-type":"","overlay-color":"","overlay-opacity":"","overlay-gradient":""}},"ast-content-background-meta":{"desktop":{"background-color":"var(--ast-global-color-5)","background-image":"","background-repeat":"repeat","background-position":"center center","background-size":"auto","background-attachment":"scroll","background-type":"","background-media":"","overlay-type":"","overlay-color":"","overlay-opacity":"","overlay-gradient":""},"tablet":{"background-color":"var(--ast-global-color-5)","background-image":"","background-repeat":"repeat","background-position":"center center","background-size":"auto","background-attachment":"scroll","background-type":"","background-media":"","overlay-type":"","overlay-color":"","overlay-opacity":"","overlay-gradient":""},"mobile":{"background-color":"var(--ast-global-color-5)","background-image":"","background-repeat":"repeat","background-position":"center center","background-size":"auto","background-attachment":"scroll","background-type":"","background-media":"","overlay-type":"","overlay-color":"","overlay-opacity":"","overlay-gradient":""}},"footnotes":""},"class_list":["post-552","page","type-page","status-publish","hentry"],"_links":{"self":[{"href":"https:\/\/ecotono.org.es\/index.php?rest_route=\/wp\/v2\/pages\/552","targetHints":{"allow":["GET"]}}],"collection":[{"href":"https:\/\/ecotono.org.es\/index.php?rest_route=\/wp\/v2\/pages"}],"about":[{"href":"https:\/\/ecotono.org.es\/index.php?rest_route=\/wp\/v2\/types\/page"}],"author":[{"embeddable":true,"href":"https:\/\/ecotono.org.es\/index.php?rest_route=\/wp\/v2\/users\/1"}],"replies":[{"embeddable":true,"href":"https:\/\/ecotono.org.es\/index.php?rest_route=%2Fwp%2Fv2%2Fcomments&post=552"}],"version-history":[{"count":7,"href":"https:\/\/ecotono.org.es\/index.php?rest_route=\/wp\/v2\/pages\/552\/revisions"}],"predecessor-version":[{"id":584,"href":"https:\/\/ecotono.org.es\/index.php?rest_route=\/wp\/v2\/pages\/552\/revisions\/584"}],"wp:attachment":[{"href":"https:\/\/ecotono.org.es\/index.php?rest_route=%2Fwp%2Fv2%2Fmedia&parent=552"}],"curies":[{"name":"wp","href":"https:\/\/api.w.org\/{rel}","templated":true}]}}