{"id":2309,"date":"2023-03-03T11:07:36","date_gmt":"2023-03-03T11:07:36","guid":{"rendered":"https:\/\/ecotono.org.es\/?page_id=2309"},"modified":"2026-04-03T11:30:40","modified_gmt":"2026-04-03T11:30:40","slug":"curso-flora-en-el-encinar-carpetano","status":"publish","type":"page","link":"https:\/\/ecotono.org.es\/?page_id=2309","title":{"rendered":"Curso \u00abFLORA EN EL ENCINAR CARPETANO\u00bb"},"content":{"rendered":"\t\t<div data-elementor-type=\"wp-page\" data-elementor-id=\"2309\" class=\"elementor elementor-2309\" data-elementor-post-type=\"page\">\n\t\t\t\t\t\t<section class=\"elementor-section elementor-top-section elementor-element elementor-element-75644216 elementor-section-content-middle elementor-section-boxed elementor-section-height-default elementor-section-height-default\" data-id=\"75644216\" data-element_type=\"section\" data-settings=\"{&quot;background_background&quot;:&quot;classic&quot;}\">\n\t\t\t\t\t\t\t<div class=\"elementor-background-overlay\"><\/div>\n\t\t\t\t\t\t\t<div class=\"elementor-container elementor-column-gap-no\">\n\t\t\t\t\t<div class=\"elementor-column elementor-col-100 elementor-top-column elementor-element elementor-element-1ba7f933\" data-id=\"1ba7f933\" data-element_type=\"column\">\n\t\t\t<div class=\"elementor-widget-wrap elementor-element-populated\">\n\t\t\t\t\t\t<div class=\"elementor-element elementor-element-362071ed elementor-widget elementor-widget-heading\" data-id=\"362071ed\" data-element_type=\"widget\" data-widget_type=\"heading.default\">\n\t\t\t\t<div class=\"elementor-widget-container\">\n\t\t\t\t\t<h1 class=\"elementor-heading-title elementor-size-xl\">Curso \"Flora en el encinar carpetano\"<\/h1>\t\t\t\t<\/div>\n\t\t\t\t<\/div>\n\t\t\t\t\t<\/div>\n\t\t<\/div>\n\t\t\t\t\t<\/div>\n\t\t<\/section>\n\t\t\t\t<section class=\"elementor-section elementor-top-section elementor-element elementor-element-bc70c95 elementor-section-boxed elementor-section-height-default elementor-section-height-default\" data-id=\"bc70c95\" data-element_type=\"section\">\n\t\t\t\t\t\t<div class=\"elementor-container elementor-column-gap-default\">\n\t\t\t\t\t<div class=\"elementor-column elementor-col-100 elementor-top-column elementor-element elementor-element-331a110\" data-id=\"331a110\" data-element_type=\"column\">\n\t\t\t<div class=\"elementor-widget-wrap elementor-element-populated\">\n\t\t\t\t\t\t<div class=\"elementor-element elementor-element-e84c88c elementor-widget elementor-widget-text-editor\" data-id=\"e84c88c\" data-element_type=\"widget\" data-widget_type=\"text-editor.default\">\n\t\t\t\t<div class=\"elementor-widget-container\">\n\t\t\t\t\t\t\t\t\t<p>LA FLORA DEL ENCINAR CARPETANO<\/p><p>Profundizaremos en el desconocido mundo de las yerbas y arbustos de medio y peque\u00f1o porte.<br \/>&#8211; Tipos de encinar <br \/>&#8211; Adaptaciones morfol\u00f3gicas de las especies mediterr\u00e1neas<br \/>&#8211; La din\u00e1mica de la vegetaci\u00f3n.<br \/>&#8211; Etapas de sustituci\u00f3n <br \/>&#8211; El cortejo flor\u00edstico del encinar<br \/>&#8211; La flora del encinar<br \/>&#8211; Especies bioindicadoras<br \/>&#8211; Especies de usos tradicionales<\/p><p><span style=\"font-weight: bold; font-size: 15px; font-style: normal;\">CONTACTO:<\/span><span style=\"font-size: 15px; font-style: normal; font-weight: 400;\">\u00a0<\/span><span style=\"font-size: 15px; font-style: normal; font-weight: 400; color: #0000ff;\">juanecotono@gmail.com<\/span><span style=\"font-size: 15px; font-style: normal; font-weight: 400;\">\u00a0y\u00a0<\/span><span style=\"font-size: 15px; font-style: normal; font-weight: 400; color: #0000ff;\">646 921 929<\/span><\/p>\t\t\t\t\t\t\t\t<\/div>\n\t\t\t\t<\/div>\n\t\t\t\t\t<\/div>\n\t\t<\/div>\n\t\t\t\t\t<\/div>\n\t\t<\/section>\n\t\t\t\t<section class=\"elementor-section elementor-top-section elementor-element elementor-element-a8a3255 elementor-section-boxed elementor-section-height-default elementor-section-height-default\" data-id=\"a8a3255\" data-element_type=\"section\">\n\t\t\t\t\t\t<div class=\"elementor-container elementor-column-gap-default\">\n\t\t\t\t\t<div class=\"elementor-column elementor-col-50 elementor-top-column elementor-element elementor-element-0d77537\" data-id=\"0d77537\" data-element_type=\"column\">\n\t\t\t<div class=\"elementor-widget-wrap elementor-element-populated\">\n\t\t\t\t\t\t<div class=\"elementor-element elementor-element-0d6a695 elementor-widget elementor-widget-text-editor\" data-id=\"0d6a695\" data-element_type=\"widget\" data-widget_type=\"text-editor.default\">\n\t\t\t\t<div class=\"elementor-widget-container\">\n\t\t\t\t\t\t\t\t\t<p style=\"text-align: center;\">FORMATO ON-LINE: <b>En construcci\u00f3n<\/b>.\u00a0<\/p><p><span style=\"color: #ff0000;\"><strong>\u00a0<\/strong><\/span><\/p><p><span style=\"color: #ff0000;\"><strong>\u00a0<\/strong><\/span><\/p>\t\t\t\t\t\t\t\t<\/div>\n\t\t\t\t<\/div>\n\t\t\t\t\t<\/div>\n\t\t<\/div>\n\t\t\t\t<div class=\"elementor-column elementor-col-50 elementor-top-column elementor-element elementor-element-4d94669\" data-id=\"4d94669\" data-element_type=\"column\">\n\t\t\t<div class=\"elementor-widget-wrap elementor-element-populated\">\n\t\t\t\t\t\t<div class=\"elementor-element elementor-element-afaedbd elementor-widget elementor-widget-text-editor\" data-id=\"afaedbd\" data-element_type=\"widget\" data-widget_type=\"text-editor.default\">\n\t\t\t\t<div class=\"elementor-widget-container\">\n\t\t\t\t\t\t\t\t\t<p style=\"text-align: center;\">FORMATO PRESENCIAL:\u00a0<strong>Disponible<\/strong>.<\/p><p>TALLER <span style=\"color: #339966;\"><strong>16 de mayo de 2026<\/strong><\/span><\/p><p><span style=\"color: #0000ff;\"><a style=\"color: #0000ff;\" href=\"https:\/\/vimeo.com\/672734129\" target=\"_blank\" rel=\"noopener\">Video finca donde haremos taller<\/a><\/span> (a 25 min. de Pza. Castilla de Madrid)<\/p>\t\t\t\t\t\t\t\t<\/div>\n\t\t\t\t<\/div>\n\t\t\t\t\t<\/div>\n\t\t<\/div>\n\t\t\t\t\t<\/div>\n\t\t<\/section>\n\t\t\t\t<section class=\"elementor-section elementor-top-section elementor-element elementor-element-4ac88be elementor-section-boxed elementor-section-height-default elementor-section-height-default\" data-id=\"4ac88be\" data-element_type=\"section\">\n\t\t\t\t\t\t<div class=\"elementor-container elementor-column-gap-default\">\n\t\t\t\t\t<div class=\"elementor-column elementor-col-100 elementor-top-column elementor-element elementor-element-9610bbb\" data-id=\"9610bbb\" data-element_type=\"column\">\n\t\t\t<div class=\"elementor-widget-wrap elementor-element-populated\">\n\t\t\t\t\t\t<div class=\"elementor-element elementor-element-712239d elementor-widget elementor-widget-image\" data-id=\"712239d\" data-element_type=\"widget\" data-widget_type=\"image.default\">\n\t\t\t\t<div class=\"elementor-widget-container\">\n\t\t\t\t\t\t\t\t\t\t\t\t\t\t\t<img fetchpriority=\"high\" decoding=\"async\" width=\"1024\" height=\"724\" src=\"https:\/\/ecotono.org.es\/wp-content\/uploads\/2024\/03\/Taller_FLORA_ENCINAR_Ecotono_v03_sin_FECHAS-1024x724.png\" class=\"attachment-large size-large wp-image-2513\" alt=\"\" srcset=\"https:\/\/ecotono.org.es\/wp-content\/uploads\/2024\/03\/Taller_FLORA_ENCINAR_Ecotono_v03_sin_FECHAS-1024x724.png 1024w, https:\/\/ecotono.org.es\/wp-content\/uploads\/2024\/03\/Taller_FLORA_ENCINAR_Ecotono_v03_sin_FECHAS-300x212.png 300w, https:\/\/ecotono.org.es\/wp-content\/uploads\/2024\/03\/Taller_FLORA_ENCINAR_Ecotono_v03_sin_FECHAS-768x543.png 768w, https:\/\/ecotono.org.es\/wp-content\/uploads\/2024\/03\/Taller_FLORA_ENCINAR_Ecotono_v03_sin_FECHAS-1536x1086.png 1536w, https:\/\/ecotono.org.es\/wp-content\/uploads\/2024\/03\/Taller_FLORA_ENCINAR_Ecotono_v03_sin_FECHAS-2048x1448.png 2048w\" sizes=\"(max-width: 1024px) 100vw, 1024px\" \/>\t\t\t\t\t\t\t\t\t\t\t\t\t\t\t<\/div>\n\t\t\t\t<\/div>\n\t\t\t\t\t<\/div>\n\t\t<\/div>\n\t\t\t\t\t<\/div>\n\t\t<\/section>\n\t\t\t\t<section class=\"elementor-section elementor-top-section elementor-element elementor-element-965d3fe elementor-section-boxed elementor-section-height-default elementor-section-height-default\" data-id=\"965d3fe\" data-element_type=\"section\">\n\t\t\t\t\t\t<div class=\"elementor-container elementor-column-gap-default\">\n\t\t\t\t\t<div class=\"elementor-column elementor-col-100 elementor-top-column elementor-element elementor-element-34b8921\" data-id=\"34b8921\" data-element_type=\"column\">\n\t\t\t<div class=\"elementor-widget-wrap elementor-element-populated\">\n\t\t\t\t\t\t<div class=\"elementor-element elementor-element-23f5488 elementor-arrows-position-inside elementor-pagination-position-outside elementor-widget elementor-widget-image-carousel\" data-id=\"23f5488\" data-element_type=\"widget\" data-settings=\"{&quot;slides_to_show&quot;:&quot;3&quot;,&quot;navigation&quot;:&quot;both&quot;,&quot;autoplay&quot;:&quot;yes&quot;,&quot;pause_on_hover&quot;:&quot;yes&quot;,&quot;pause_on_interaction&quot;:&quot;yes&quot;,&quot;autoplay_speed&quot;:5000,&quot;infinite&quot;:&quot;yes&quot;,&quot;speed&quot;:500}\" data-widget_type=\"image-carousel.default\">\n\t\t\t\t<div class=\"elementor-widget-container\">\n\t\t\t\t\t\t\t<div class=\"elementor-image-carousel-wrapper swiper\" role=\"region\" aria-roledescription=\"carousel\" aria-label=\"Carrusel de im\u00e1genes\" dir=\"ltr\">\n\t\t\t<div class=\"elementor-image-carousel swiper-wrapper\" aria-live=\"off\">\n\t\t\t\t\t\t\t\t<div class=\"swiper-slide\" role=\"group\" aria-roledescription=\"slide\" aria-label=\"1 de 7\"><figure class=\"swiper-slide-inner\"><img decoding=\"async\" class=\"swiper-slide-image\" src=\"https:\/\/ecotono.org.es\/wp-content\/uploads\/2024\/03\/20230422_165759-768x1024.jpg\" alt=\"Rosa pouzinii\" \/><figcaption class=\"elementor-image-carousel-caption\">Rosa pouzinii<\/figcaption><\/figure><\/div><div class=\"swiper-slide\" role=\"group\" aria-roledescription=\"slide\" aria-label=\"2 de 7\"><figure class=\"swiper-slide-inner\"><img decoding=\"async\" class=\"swiper-slide-image\" src=\"https:\/\/ecotono.org.es\/wp-content\/uploads\/2024\/03\/20230422_185726-768x1024.jpg\" alt=\"20230422_185726\" \/><\/figure><\/div><div class=\"swiper-slide\" role=\"group\" aria-roledescription=\"slide\" aria-label=\"3 de 7\"><figure class=\"swiper-slide-inner\"><img decoding=\"async\" class=\"swiper-slide-image\" src=\"https:\/\/ecotono.org.es\/wp-content\/uploads\/2024\/03\/20230422_131437-768x1024.jpg\" alt=\"20230422_131437\" \/><\/figure><\/div><div class=\"swiper-slide\" role=\"group\" aria-roledescription=\"slide\" aria-label=\"4 de 7\"><figure class=\"swiper-slide-inner\"><img decoding=\"async\" class=\"swiper-slide-image\" src=\"https:\/\/ecotono.org.es\/wp-content\/uploads\/2024\/03\/Valderrebenga-768x576.jpg\" alt=\"Valderrebenga\" \/><\/figure><\/div><div class=\"swiper-slide\" role=\"group\" aria-roledescription=\"slide\" aria-label=\"5 de 7\"><figure class=\"swiper-slide-inner\"><img decoding=\"async\" class=\"swiper-slide-image\" src=\"https:\/\/ecotono.org.es\/wp-content\/uploads\/2024\/03\/20230422_153634-768x1024.jpg\" alt=\"20230422_153634\" \/><\/figure><\/div><div class=\"swiper-slide\" role=\"group\" aria-roledescription=\"slide\" aria-label=\"6 de 7\"><figure class=\"swiper-slide-inner\"><img decoding=\"async\" class=\"swiper-slide-image\" src=\"https:\/\/ecotono.org.es\/wp-content\/uploads\/2024\/03\/20230422_170706-768x1024.jpg\" alt=\"20230422_170706\" \/><\/figure><\/div><div class=\"swiper-slide\" role=\"group\" aria-roledescription=\"slide\" aria-label=\"7 de 7\"><figure class=\"swiper-slide-inner\"><img decoding=\"async\" class=\"swiper-slide-image\" src=\"https:\/\/ecotono.org.es\/wp-content\/uploads\/2024\/03\/20230422_171809-768x1024.jpg\" alt=\"20230422_171809\" \/><\/figure><\/div>\t\t\t<\/div>\n\t\t\t\t\t\t\t\t\t\t\t\t<div class=\"elementor-swiper-button elementor-swiper-button-prev\" role=\"button\" tabindex=\"0\">\n\t\t\t\t\t\t<i aria-hidden=\"true\" class=\"eicon-chevron-left\"><\/i>\t\t\t\t\t<\/div>\n\t\t\t\t\t<div class=\"elementor-swiper-button elementor-swiper-button-next\" role=\"button\" tabindex=\"0\">\n\t\t\t\t\t\t<i aria-hidden=\"true\" class=\"eicon-chevron-right\"><\/i>\t\t\t\t\t<\/div>\n\t\t\t\t\n\t\t\t\t\t\t\t\t\t<div class=\"swiper-pagination\"><\/div>\n\t\t\t\t\t\t\t\t\t<\/div>\n\t\t\t\t\t\t<\/div>\n\t\t\t\t<\/div>\n\t\t\t\t\t<\/div>\n\t\t<\/div>\n\t\t\t\t\t<\/div>\n\t\t<\/section>\n\t\t\t\t<\/div>\n\t\t","protected":false},"excerpt":{"rendered":"<p>Curso \u00abFlora en el encinar carpetano\u00bb LA FLORA DEL ENCINAR CARPETANO Profundizaremos en el desconocido mundo de las yerbas y arbustos de medio y peque\u00f1o porte.&#8211; Tipos de encinar &#8211; Adaptaciones morfol\u00f3gicas de las especies mediterr\u00e1neas&#8211; La din\u00e1mica de la vegetaci\u00f3n.&#8211; Etapas de sustituci\u00f3n &#8211; El cortejo flor\u00edstico del encinar&#8211; La flora del encinar&#8211; Especies [&hellip;]<\/p>\n","protected":false},"author":1,"featured_media":0,"parent":0,"menu_order":0,"comment_status":"closed","ping_status":"closed","template":"","meta":{"site-sidebar-layout":"no-sidebar","site-content-layout":"page-builder","ast-site-content-layout":"","site-content-style":"default","site-sidebar-style":"default","ast-global-header-display":"","ast-banner-title-visibility":"","ast-main-header-display":"","ast-hfb-above-header-display":"","ast-hfb-below-header-display":"","ast-hfb-mobile-header-display":"","site-post-title":"disabled","ast-breadcrumbs-content":"","ast-featured-img":"disabled","footer-sml-layout":"","theme-transparent-header-meta":"default","adv-header-id-meta":"","stick-header-meta":"","header-above-stick-meta":"","header-main-stick-meta":"","header-below-stick-meta":"","astra-migrate-meta-layouts":"default","ast-page-background-enabled":"default","ast-page-background-meta":{"desktop":{"background-color":"","background-image":"","background-repeat":"repeat","background-position":"center center","background-size":"auto","background-attachment":"scroll","background-type":"","background-media":"","overlay-type":"","overlay-color":"","overlay-opacity":"","overlay-gradient":""},"tablet":{"background-color":"","background-image":"","background-repeat":"repeat","background-position":"center center","background-size":"auto","background-attachment":"scroll","background-type":"","background-media":"","overlay-type":"","overlay-color":"","overlay-opacity":"","overlay-gradient":""},"mobile":{"background-color":"","background-image":"","background-repeat":"repeat","background-position":"center center","background-size":"auto","background-attachment":"scroll","background-type":"","background-media":"","overlay-type":"","overlay-color":"","overlay-opacity":"","overlay-gradient":""}},"ast-content-background-meta":{"desktop":{"background-color":"var(--ast-global-color-5)","background-image":"","background-repeat":"repeat","background-position":"center center","background-size":"auto","background-attachment":"scroll","background-type":"","background-media":"","overlay-type":"","overlay-color":"","overlay-opacity":"","overlay-gradient":""},"tablet":{"background-color":"var(--ast-global-color-5)","background-image":"","background-repeat":"repeat","background-position":"center center","background-size":"auto","background-attachment":"scroll","background-type":"","background-media":"","overlay-type":"","overlay-color":"","overlay-opacity":"","overlay-gradient":""},"mobile":{"background-color":"var(--ast-global-color-5)","background-image":"","background-repeat":"repeat","background-position":"center center","background-size":"auto","background-attachment":"scroll","background-type":"","background-media":"","overlay-type":"","overlay-color":"","overlay-opacity":"","overlay-gradient":""}},"footnotes":""},"class_list":["post-2309","page","type-page","status-publish","hentry"],"_links":{"self":[{"href":"https:\/\/ecotono.org.es\/index.php?rest_route=\/wp\/v2\/pages\/2309","targetHints":{"allow":["GET"]}}],"collection":[{"href":"https:\/\/ecotono.org.es\/index.php?rest_route=\/wp\/v2\/pages"}],"about":[{"href":"https:\/\/ecotono.org.es\/index.php?rest_route=\/wp\/v2\/types\/page"}],"author":[{"embeddable":true,"href":"https:\/\/ecotono.org.es\/index.php?rest_route=\/wp\/v2\/users\/1"}],"replies":[{"embeddable":true,"href":"https:\/\/ecotono.org.es\/index.php?rest_route=%2Fwp%2Fv2%2Fcomments&post=2309"}],"version-history":[{"count":58,"href":"https:\/\/ecotono.org.es\/index.php?rest_route=\/wp\/v2\/pages\/2309\/revisions"}],"predecessor-version":[{"id":2892,"href":"https:\/\/ecotono.org.es\/index.php?rest_route=\/wp\/v2\/pages\/2309\/revisions\/2892"}],"wp:attachment":[{"href":"https:\/\/ecotono.org.es\/index.php?rest_route=%2Fwp%2Fv2%2Fmedia&parent=2309"}],"curies":[{"name":"wp","href":"https:\/\/api.w.org\/{rel}","templated":true}]}}