{"id":2245,"date":"2023-02-23T18:02:48","date_gmt":"2023-02-23T18:02:48","guid":{"rendered":"https:\/\/ecotono.org.es\/?page_id=2245"},"modified":"2025-02-27T15:32:55","modified_gmt":"2025-02-27T15:32:55","slug":"curso-de-iniciacion-a-la-fotografia-de-naturaleza-2","status":"publish","type":"page","link":"https:\/\/ecotono.org.es\/?page_id=2245","title":{"rendered":"Curso de iniciaci\u00f3n a la CETRER\u00cdA"},"content":{"rendered":"\t\t<div data-elementor-type=\"wp-page\" data-elementor-id=\"2245\" class=\"elementor elementor-2245\" data-elementor-post-type=\"page\">\n\t\t\t\t\t\t<section class=\"elementor-section elementor-top-section elementor-element elementor-element-75644216 elementor-section-content-middle elementor-section-boxed elementor-section-height-default elementor-section-height-default\" data-id=\"75644216\" data-element_type=\"section\" data-e-type=\"section\" data-settings=\"{&quot;background_background&quot;:&quot;classic&quot;}\">\n\t\t\t\t\t\t\t<div class=\"elementor-background-overlay\"><\/div>\n\t\t\t\t\t\t\t<div class=\"elementor-container elementor-column-gap-no\">\n\t\t\t\t\t<div class=\"elementor-column elementor-col-100 elementor-top-column elementor-element elementor-element-1ba7f933\" data-id=\"1ba7f933\" data-element_type=\"column\" data-e-type=\"column\">\n\t\t\t<div class=\"elementor-widget-wrap elementor-element-populated\">\n\t\t\t\t\t\t<div class=\"elementor-element elementor-element-362071ed elementor-widget elementor-widget-heading\" data-id=\"362071ed\" data-element_type=\"widget\" data-e-type=\"widget\" data-widget_type=\"heading.default\">\n\t\t\t\t<div class=\"elementor-widget-container\">\n\t\t\t\t\t<h1 class=\"elementor-heading-title elementor-size-xl\">Curso de iniciaci\u00f3n a la cetrer\u00eda<\/h1>\t\t\t\t<\/div>\n\t\t\t\t<\/div>\n\t\t\t\t\t<\/div>\n\t\t<\/div>\n\t\t\t\t\t<\/div>\n\t\t<\/section>\n\t\t\t\t<section class=\"elementor-section elementor-top-section elementor-element elementor-element-bc70c95 elementor-section-boxed elementor-section-height-default elementor-section-height-default\" data-id=\"bc70c95\" data-element_type=\"section\" data-e-type=\"section\">\n\t\t\t\t\t\t<div class=\"elementor-container elementor-column-gap-default\">\n\t\t\t\t\t<div class=\"elementor-column elementor-col-100 elementor-top-column elementor-element elementor-element-331a110\" data-id=\"331a110\" data-element_type=\"column\" data-e-type=\"column\">\n\t\t\t<div class=\"elementor-widget-wrap elementor-element-populated\">\n\t\t\t\t\t\t<div class=\"elementor-element elementor-element-e84c88c elementor-widget elementor-widget-text-editor\" data-id=\"e84c88c\" data-element_type=\"widget\" data-e-type=\"widget\" data-widget_type=\"text-editor.default\">\n\t\t\t\t<div class=\"elementor-widget-container\">\n\t\t\t\t\t\t\t\t\t<p><strong style=\"font-size: 15px;\">Todo aspirante a cetrero<\/strong><span style=\"font-size: 15px;\"> agradecer\u00e1 realizar este curso antes de decidirse a tener un ave. Posiblemente se evite un desenga\u00f1o descubriendo a tiempo que los condicionantes, propios de la vida moderna, habitualmente hacen incompatible la pr\u00e1ctica de la cetrer\u00eda. Quienes acaben dando, o incluso quienes hayan dado el paso hace tiempo, encontrar\u00e1n nuevos planteamientos, informaci\u00f3n contrastada y buenos consejos para conseguir el mayor bienestar de sus aves de presa.<\/span><\/p><p>El ponente consigue transmitir las emociones que vive un cetrero volando su ave. C\u00f3mo <strong>nos convertimos en cazadores con dos piernas y dos alas<\/strong>. La pasi\u00f3n que nos afecta en factores tan fundamentales como nuestro tipo de casa, la forma de trabajar, la organizaci\u00f3n de las vacaciones \u2026 Opciones que sin duda nos abocan a <strong>un singular estilo de vida<\/strong>.\u00a0<\/p>\t\t\t\t\t\t\t\t<\/div>\n\t\t\t\t<\/div>\n\t\t\t\t\t<\/div>\n\t\t<\/div>\n\t\t\t\t\t<\/div>\n\t\t<\/section>\n\t\t\t\t<section class=\"elementor-section elementor-top-section elementor-element elementor-element-a8a3255 elementor-section-boxed elementor-section-height-default elementor-section-height-default\" data-id=\"a8a3255\" data-element_type=\"section\" data-e-type=\"section\">\n\t\t\t\t\t\t<div class=\"elementor-container elementor-column-gap-default\">\n\t\t\t\t\t<div class=\"elementor-column elementor-col-50 elementor-top-column elementor-element elementor-element-0d77537\" data-id=\"0d77537\" data-element_type=\"column\" data-e-type=\"column\">\n\t\t\t<div class=\"elementor-widget-wrap elementor-element-populated\">\n\t\t\t\t\t\t<div class=\"elementor-element elementor-element-0d6a695 elementor-widget elementor-widget-text-editor\" data-id=\"0d6a695\" data-element_type=\"widget\" data-e-type=\"widget\" data-widget_type=\"text-editor.default\">\n\t\t\t\t<div class=\"elementor-widget-container\">\n\t\t\t\t\t\t\t\t\t<p style=\"text-align: center;\">FORMATO ON-LINE: <b>En construcci\u00f3n<\/b>.\u00a0<\/p><p><span style=\"color: #ff0000;\"><strong>\u00a0<\/strong><\/span><\/p><p><span style=\"color: #ff0000;\"><strong>\u00a0<\/strong><\/span><\/p>\t\t\t\t\t\t\t\t<\/div>\n\t\t\t\t<\/div>\n\t\t\t\t\t<\/div>\n\t\t<\/div>\n\t\t\t\t<div class=\"elementor-column elementor-col-50 elementor-top-column elementor-element elementor-element-4d94669\" data-id=\"4d94669\" data-element_type=\"column\" data-e-type=\"column\">\n\t\t\t<div class=\"elementor-widget-wrap elementor-element-populated\">\n\t\t\t\t\t\t<div class=\"elementor-element elementor-element-afaedbd elementor-widget elementor-widget-text-editor\" data-id=\"afaedbd\" data-element_type=\"widget\" data-e-type=\"widget\" data-widget_type=\"text-editor.default\">\n\t\t\t\t<div class=\"elementor-widget-container\">\n\t\t\t\t\t\t\t\t\t<p style=\"text-align: center;\">FORMATO <strong>PRESENCIAL<\/strong>: <span style=\"color: #339966;\"><strong>Disponible<\/strong>.<\/span><\/p><p><strong><span style=\"color: #339966;\"><a style=\"color: #339966;\" href=\"https:\/\/app.getresponse.com\/view.html?x=a62b&amp;m=B07KZR&amp;u=B7ZR2&amp;z=ESrFhjv&amp;o=pp_1\" target=\"_blank\" rel=\"noopener\">Curso s\u00e1bado<span draggable=\"false\">\u00a05 de abril de 2025<\/span><\/a><\/span><\/strong><\/p><p><a href=\"https:\/\/vimeo.com\/672734129?utm_source=getresponse&amp;utm_medium=email&amp;utm_campaign=fuegocampamento&amp;utm_content=Comunicaci%C3%B3n%20Equina%2C%2012%20marzo%202022\" target=\"_blank\" rel=\"noopener\">Finca Tierra en Calma<\/a><\/p><p><a href=\"https:\/\/www.youtube.com\/watch?v=3XvEHk1oIHc\" target=\"_blank\" rel=\"noopener\">Video con Javier Ceballos<\/a><\/p>\t\t\t\t\t\t\t\t<\/div>\n\t\t\t\t<\/div>\n\t\t\t\t\t<\/div>\n\t\t<\/div>\n\t\t\t\t\t<\/div>\n\t\t<\/section>\n\t\t\t\t<section class=\"elementor-section elementor-top-section elementor-element elementor-element-8cb79de elementor-section-boxed elementor-section-height-default elementor-section-height-default\" data-id=\"8cb79de\" data-element_type=\"section\" data-e-type=\"section\">\n\t\t\t\t\t\t<div class=\"elementor-container elementor-column-gap-default\">\n\t\t\t\t\t<div class=\"elementor-column elementor-col-100 elementor-top-column elementor-element elementor-element-2e93f6c\" data-id=\"2e93f6c\" data-element_type=\"column\" data-e-type=\"column\">\n\t\t\t<div class=\"elementor-widget-wrap elementor-element-populated\">\n\t\t\t\t\t\t<div class=\"elementor-element elementor-element-ee9df44 elementor-arrows-position-inside elementor-pagination-position-outside elementor-widget elementor-widget-image-carousel\" data-id=\"ee9df44\" data-element_type=\"widget\" data-e-type=\"widget\" data-settings=\"{&quot;slides_to_show&quot;:&quot;1&quot;,&quot;navigation&quot;:&quot;both&quot;,&quot;autoplay&quot;:&quot;yes&quot;,&quot;pause_on_hover&quot;:&quot;yes&quot;,&quot;pause_on_interaction&quot;:&quot;yes&quot;,&quot;autoplay_speed&quot;:5000,&quot;infinite&quot;:&quot;yes&quot;,&quot;effect&quot;:&quot;slide&quot;,&quot;speed&quot;:500}\" data-widget_type=\"image-carousel.default\">\n\t\t\t\t<div class=\"elementor-widget-container\">\n\t\t\t\t\t\t\t<div class=\"elementor-image-carousel-wrapper swiper\" role=\"region\" aria-roledescription=\"carousel\" aria-label=\"Cetrer\u00eda\" dir=\"ltr\">\n\t\t\t<div class=\"elementor-image-carousel swiper-wrapper\" aria-live=\"off\">\n\t\t\t\t\t\t\t\t<div class=\"swiper-slide\" role=\"group\" aria-roledescription=\"slide\" aria-label=\"1 de 8\"><figure class=\"swiper-slide-inner\"><img decoding=\"async\" class=\"swiper-slide-image\" src=\"https:\/\/ecotono.org.es\/wp-content\/uploads\/2021\/12\/20211218_220318-scaled-e1640105494542-768x1024.jpg\" alt=\"Taller de inserci\u00f3n plumas\" \/><\/figure><\/div><div class=\"swiper-slide\" role=\"group\" aria-roledescription=\"slide\" aria-label=\"2 de 8\"><figure class=\"swiper-slide-inner\"><img decoding=\"async\" class=\"swiper-slide-image\" src=\"https:\/\/ecotono.org.es\/wp-content\/uploads\/2021\/12\/DSCN5638-768x1024.jpg\" alt=\"DSCN5638\" \/><\/figure><\/div><div class=\"swiper-slide\" role=\"group\" aria-roledescription=\"slide\" aria-label=\"3 de 8\"><figure class=\"swiper-slide-inner\"><img decoding=\"async\" class=\"swiper-slide-image\" src=\"https:\/\/ecotono.org.es\/wp-content\/uploads\/2021\/12\/DSCN5652-scaled-e1640105237580-768x695.jpg\" alt=\"DSCN5652\" \/><\/figure><\/div><div class=\"swiper-slide\" role=\"group\" aria-roledescription=\"slide\" aria-label=\"4 de 8\"><figure class=\"swiper-slide-inner\"><img decoding=\"async\" class=\"swiper-slide-image\" src=\"https:\/\/ecotono.org.es\/wp-content\/uploads\/2021\/08\/03_DSCN4918-768x576.jpg\" alt=\"03_DSCN4918\" \/><\/figure><\/div><div class=\"swiper-slide\" role=\"group\" aria-roledescription=\"slide\" aria-label=\"5 de 8\"><figure class=\"swiper-slide-inner\"><img decoding=\"async\" class=\"swiper-slide-image\" src=\"https:\/\/ecotono.org.es\/wp-content\/uploads\/2021\/08\/Javier-Ceballos-2-768x985.jpg\" alt=\"Javier Ceballos 2\" \/><\/figure><\/div><div class=\"swiper-slide\" role=\"group\" aria-roledescription=\"slide\" aria-label=\"6 de 8\"><figure class=\"swiper-slide-inner\"><img decoding=\"async\" class=\"swiper-slide-image\" src=\"https:\/\/ecotono.org.es\/wp-content\/uploads\/2021\/08\/Javier_Ceballos_Taller_Cetreria_ADAJA_IMG_1131-768x512.jpg\" alt=\"Javier_Ceballos_Taller_Cetrer\u00eda_ADAJA_IMG_1131\" \/><\/figure><\/div><div class=\"swiper-slide\" role=\"group\" aria-roledescription=\"slide\" aria-label=\"7 de 8\"><figure class=\"swiper-slide-inner\"><img decoding=\"async\" class=\"swiper-slide-image\" src=\"https:\/\/ecotono.org.es\/wp-content\/uploads\/2021\/08\/Javier_Ceballos_Taller_Cetreria-768x432.jpg\" alt=\"Javier_Ceballos_Taller_Cetrer\u00eda\" \/><\/figure><\/div><div class=\"swiper-slide\" role=\"group\" aria-roledescription=\"slide\" aria-label=\"8 de 8\"><figure class=\"swiper-slide-inner\"><img decoding=\"async\" class=\"swiper-slide-image\" src=\"https:\/\/ecotono.org.es\/wp-content\/uploads\/2021\/08\/Javier_Ceballos_Taller_ADAJA_IMG_1542-768x512.jpg\" alt=\"Javier_Ceballos_Taller_ADAJA_IMG_1542\" \/><\/figure><\/div>\t\t\t<\/div>\n\t\t\t\t\t\t\t\t\t\t\t\t<div class=\"elementor-swiper-button elementor-swiper-button-prev\" role=\"button\" tabindex=\"0\">\n\t\t\t\t\t\t<i aria-hidden=\"true\" class=\"eicon-chevron-left\"><\/i>\t\t\t\t\t<\/div>\n\t\t\t\t\t<div class=\"elementor-swiper-button elementor-swiper-button-next\" role=\"button\" tabindex=\"0\">\n\t\t\t\t\t\t<i aria-hidden=\"true\" class=\"eicon-chevron-right\"><\/i>\t\t\t\t\t<\/div>\n\t\t\t\t\n\t\t\t\t\t\t\t\t\t<div class=\"swiper-pagination\"><\/div>\n\t\t\t\t\t\t\t\t\t<\/div>\n\t\t\t\t\t\t<\/div>\n\t\t\t\t<\/div>\n\t\t\t\t\t<\/div>\n\t\t<\/div>\n\t\t\t\t\t<\/div>\n\t\t<\/section>\n\t\t\t\t<\/div>\n\t\t","protected":false},"excerpt":{"rendered":"<p>Curso de iniciaci\u00f3n a la cetrer\u00eda Todo aspirante a cetrero agradecer\u00e1 realizar este curso antes de decidirse a tener un ave. Posiblemente se evite un desenga\u00f1o descubriendo a tiempo que los condicionantes, propios de la vida moderna, habitualmente hacen incompatible la pr\u00e1ctica de la cetrer\u00eda. Quienes acaben dando, o incluso quienes hayan dado el paso [&hellip;]<\/p>\n","protected":false},"author":1,"featured_media":0,"parent":0,"menu_order":0,"comment_status":"closed","ping_status":"closed","template":"","meta":{"site-sidebar-layout":"no-sidebar","site-content-layout":"page-builder","ast-site-content-layout":"default","site-content-style":"default","site-sidebar-style":"default","ast-global-header-display":"","ast-banner-title-visibility":"","ast-main-header-display":"","ast-hfb-above-header-display":"","ast-hfb-below-header-display":"","ast-hfb-mobile-header-display":"","site-post-title":"disabled","ast-breadcrumbs-content":"","ast-featured-img":"disabled","footer-sml-layout":"","ast-disable-related-posts":"","theme-transparent-header-meta":"default","adv-header-id-meta":"","stick-header-meta":"","header-above-stick-meta":"","header-main-stick-meta":"","header-below-stick-meta":"","astra-migrate-meta-layouts":"default","ast-page-background-enabled":"default","ast-page-background-meta":{"desktop":{"background-color":"","background-image":"","background-repeat":"repeat","background-position":"center center","background-size":"auto","background-attachment":"scroll","background-type":"","background-media":"","overlay-type":"","overlay-color":"","overlay-opacity":"","overlay-gradient":""},"tablet":{"background-color":"","background-image":"","background-repeat":"repeat","background-position":"center center","background-size":"auto","background-attachment":"scroll","background-type":"","background-media":"","overlay-type":"","overlay-color":"","overlay-opacity":"","overlay-gradient":""},"mobile":{"background-color":"","background-image":"","background-repeat":"repeat","background-position":"center center","background-size":"auto","background-attachment":"scroll","background-type":"","background-media":"","overlay-type":"","overlay-color":"","overlay-opacity":"","overlay-gradient":""}},"ast-content-background-meta":{"desktop":{"background-color":"var(--ast-global-color-5)","background-image":"","background-repeat":"repeat","background-position":"center center","background-size":"auto","background-attachment":"scroll","background-type":"","background-media":"","overlay-type":"","overlay-color":"","overlay-opacity":"","overlay-gradient":""},"tablet":{"background-color":"var(--ast-global-color-5)","background-image":"","background-repeat":"repeat","background-position":"center center","background-size":"auto","background-attachment":"scroll","background-type":"","background-media":"","overlay-type":"","overlay-color":"","overlay-opacity":"","overlay-gradient":""},"mobile":{"background-color":"var(--ast-global-color-5)","background-image":"","background-repeat":"repeat","background-position":"center center","background-size":"auto","background-attachment":"scroll","background-type":"","background-media":"","overlay-type":"","overlay-color":"","overlay-opacity":"","overlay-gradient":""}},"footnotes":""},"class_list":["post-2245","page","type-page","status-publish","hentry"],"_links":{"self":[{"href":"https:\/\/ecotono.org.es\/index.php?rest_route=\/wp\/v2\/pages\/2245","targetHints":{"allow":["GET"]}}],"collection":[{"href":"https:\/\/ecotono.org.es\/index.php?rest_route=\/wp\/v2\/pages"}],"about":[{"href":"https:\/\/ecotono.org.es\/index.php?rest_route=\/wp\/v2\/types\/page"}],"author":[{"embeddable":true,"href":"https:\/\/ecotono.org.es\/index.php?rest_route=\/wp\/v2\/users\/1"}],"replies":[{"embeddable":true,"href":"https:\/\/ecotono.org.es\/index.php?rest_route=%2Fwp%2Fv2%2Fcomments&post=2245"}],"version-history":[{"count":34,"href":"https:\/\/ecotono.org.es\/index.php?rest_route=\/wp\/v2\/pages\/2245\/revisions"}],"predecessor-version":[{"id":2812,"href":"https:\/\/ecotono.org.es\/index.php?rest_route=\/wp\/v2\/pages\/2245\/revisions\/2812"}],"wp:attachment":[{"href":"https:\/\/ecotono.org.es\/index.php?rest_route=%2Fwp%2Fv2%2Fmedia&parent=2245"}],"curies":[{"name":"wp","href":"https:\/\/api.w.org\/{rel}","templated":true}]}}