{"id":1258,"date":"2020-11-27T11:30:41","date_gmt":"2020-11-27T11:30:41","guid":{"rendered":"https:\/\/ecotono.org.es\/?page_id=1258"},"modified":"2023-10-16T07:19:50","modified_gmt":"2023-10-16T07:19:50","slug":"cabras-monteses-y-rocas-en-guadarrama","status":"publish","type":"page","link":"https:\/\/ecotono.org.es\/?page_id=1258","title":{"rendered":"Cabras monteses y rocas en Guadarrama"},"content":{"rendered":"\t\t<div data-elementor-type=\"wp-page\" data-elementor-id=\"1258\" class=\"elementor elementor-1258\" data-elementor-post-type=\"page\">\n\t\t\t\t\t\t<section class=\"elementor-section elementor-top-section elementor-element elementor-element-7266b60c elementor-section-content-middle elementor-section-boxed elementor-section-height-default elementor-section-height-default\" data-id=\"7266b60c\" data-element_type=\"section\" data-settings=\"{&quot;background_background&quot;:&quot;classic&quot;}\">\n\t\t\t\t\t\t\t<div class=\"elementor-background-overlay\"><\/div>\n\t\t\t\t\t\t\t<div class=\"elementor-container elementor-column-gap-no\">\n\t\t\t\t\t<div class=\"elementor-column elementor-col-100 elementor-top-column elementor-element elementor-element-2607b39d\" data-id=\"2607b39d\" data-element_type=\"column\">\n\t\t\t<div class=\"elementor-widget-wrap elementor-element-populated\">\n\t\t\t\t\t\t<div class=\"elementor-element elementor-element-6c0bd246 elementor-widget elementor-widget-heading\" data-id=\"6c0bd246\" data-element_type=\"widget\" data-widget_type=\"heading.default\">\n\t\t\t\t<div class=\"elementor-widget-container\">\n\t\t\t\t\t<h1 class=\"elementor-heading-title elementor-size-xl\">Cabras monteses y rocas en Guadarrama<\/h1>\t\t\t\t<\/div>\n\t\t\t\t<\/div>\n\t\t\t\t\t<\/div>\n\t\t<\/div>\n\t\t\t\t\t<\/div>\n\t\t<\/section>\n\t\t\t\t<section class=\"elementor-section elementor-top-section elementor-element elementor-element-1a4b9ca elementor-section-boxed elementor-section-height-default elementor-section-height-default\" data-id=\"1a4b9ca\" data-element_type=\"section\">\n\t\t\t\t\t\t<div class=\"elementor-container elementor-column-gap-default\">\n\t\t\t\t\t<div class=\"elementor-column elementor-col-100 elementor-top-column elementor-element elementor-element-2dda6d4\" data-id=\"2dda6d4\" data-element_type=\"column\">\n\t\t\t<div class=\"elementor-widget-wrap elementor-element-populated\">\n\t\t\t\t\t\t<div class=\"elementor-element elementor-element-6ba9d0b elementor-widget elementor-widget-spacer\" data-id=\"6ba9d0b\" data-element_type=\"widget\" data-widget_type=\"spacer.default\">\n\t\t\t\t<div class=\"elementor-widget-container\">\n\t\t\t\t\t\t\t<div class=\"elementor-spacer\">\n\t\t\t<div class=\"elementor-spacer-inner\"><\/div>\n\t\t<\/div>\n\t\t\t\t\t\t<\/div>\n\t\t\t\t<\/div>\n\t\t\t\t\t<\/div>\n\t\t<\/div>\n\t\t\t\t\t<\/div>\n\t\t<\/section>\n\t\t\t\t<section class=\"elementor-section elementor-top-section elementor-element elementor-element-e2fff34 elementor-section-boxed elementor-section-height-default elementor-section-height-default\" data-id=\"e2fff34\" data-element_type=\"section\">\n\t\t\t\t\t\t<div class=\"elementor-container elementor-column-gap-default\">\n\t\t\t\t\t<div class=\"elementor-column elementor-col-100 elementor-top-column elementor-element elementor-element-4a3c1e7\" data-id=\"4a3c1e7\" data-element_type=\"column\">\n\t\t\t<div class=\"elementor-widget-wrap elementor-element-populated\">\n\t\t\t\t\t\t<div class=\"elementor-element elementor-element-6aaca57 elementor-widget elementor-widget-text-editor\" data-id=\"6aaca57\" data-element_type=\"widget\" data-widget_type=\"text-editor.default\">\n\t\t\t\t<div class=\"elementor-widget-container\">\n\t\t\t\t\t\t\t\t\t<p><a href=\"https:\/\/ecotono.org.es\/wp-content\/uploads\/2023\/10\/PN-Guadarrama-Pedriza.pdf\" target=\"_blank\" rel=\"noopener\">Ficha actividad Pedriza<\/a><\/p><p>(Abre enlace para ver detalles)<\/p>\t\t\t\t\t\t\t\t<\/div>\n\t\t\t\t<\/div>\n\t\t\t\t\t<\/div>\n\t\t<\/div>\n\t\t\t\t\t<\/div>\n\t\t<\/section>\n\t\t\t\t<section class=\"elementor-section elementor-top-section elementor-element elementor-element-35aabc0 elementor-section-boxed elementor-section-height-default elementor-section-height-default\" data-id=\"35aabc0\" data-element_type=\"section\">\n\t\t\t\t\t\t<div class=\"elementor-container elementor-column-gap-default\">\n\t\t\t\t\t<div class=\"elementor-column elementor-col-100 elementor-top-column elementor-element elementor-element-c2771bb\" data-id=\"c2771bb\" data-element_type=\"column\">\n\t\t\t<div class=\"elementor-widget-wrap elementor-element-populated\">\n\t\t\t\t\t\t<div class=\"elementor-element elementor-element-b838558 elementor-widget elementor-widget-text-editor\" data-id=\"b838558\" data-element_type=\"widget\" data-widget_type=\"text-editor.default\">\n\t\t\t\t<div class=\"elementor-widget-container\">\n\t\t\t\t\t\t\t\t\t<p style=\"font-size: 15px; font-style: normal; font-weight: 400; text-align: center;\"><span style=\"font-size: 15px; color: #ff0000;\"><span style=\"font-size: 15px; font-weight: bold;\">PR\u00d3XIMAS SALIDAS:&nbsp; &nbsp;10 a 12 de N<\/span><\/span><span style=\"font-size: 15px; color: #ff0000;\"><span style=\"font-size: 15px; font-weight: bold;\"><span style=\"font-size: 15px;\" draggable=\"false\">oviembre 2023<\/span><\/span><\/span><span style=\"font-size: 15px; font-style: normal; font-weight: bold; color: #ff0000;\">: 20 plazas (PREGUNTAD POR PRONTOPAGOS)<\/span><\/p>\n<p style=\"font-size: 15px; font-style: normal;\"><b style=\"color: #6c6c6c; font-size: 18px; font-style: inherit;\">Vive con nosotros<\/b><span style=\"color: #6c6c6c; font-size: 18px;\"> uno de los momentos m\u00e1s espectaculares que se pueden experimentar en el <strong>P<\/strong><\/span><b style=\"color: #6c6c6c; font-size: 18px; font-style: inherit;\">arque Nacional Sierra de Guadarrama<\/b><span style=\"color: #6c6c6c; font-size: 18px;\">: el <\/span><b style=\"color: #6c6c6c; font-size: 18px; font-style: inherit;\">celo de la cabra Mont\u00e9s<\/b><span style=\"color: #6c6c6c; font-size: 18px;\">.<\/span><\/p>\n<p style=\"font-size: 15px; font-style: normal; font-weight: 400;\"><span style=\"font-style: normal; font-weight: 400; -webkit-font-smoothing: antialiased; color: #000000; font-size: 18px; font-family: 'Times New Roman', serif;\"><span style=\"-webkit-font-smoothing: antialiased; color: #6c6c6c;\">Os ofrecemos un&nbsp;<span style=\"-webkit-font-smoothing: antialiased; font-weight: bold;\">nuevo emprendimiento<\/span>&nbsp;para vivir acontecimientos naturales de primera magnitud en 1\u00aa persona con los 5 sentidos. Es&nbsp;<span style=\"-webkit-font-smoothing: antialiased; font-weight: bold;\">algo ESPECIAL<\/span>.&nbsp;<\/span><\/span><span style=\"font-style: normal; font-weight: 400; -webkit-font-smoothing: antialiased; font-family: 'Times New Roman', Times, serif; font-size: 18px; color: #808080;\"><span style=\"-webkit-font-smoothing: antialiased; font-weight: bold;\">Vive con nosotros&nbsp;<\/span>uno de los momentos m\u00e1s espectaculares que se pueden experimentar en el&nbsp;<span style=\"-webkit-font-smoothing: antialiased; font-weight: bold;\">Parque Nacional Sierra de Guadarrama<\/span>: el&nbsp;<span style=\"-webkit-font-smoothing: antialiased; font-weight: bold;\">CELO&nbsp;<\/span><span style=\"-webkit-font-smoothing: antialiased;\">de la<\/span><span style=\"-webkit-font-smoothing: antialiased; font-weight: bold;\">&nbsp;CABRA MONT\u00c9S<\/span><span style=\"-webkit-font-smoothing: antialiased;\">&nbsp;en la&nbsp;<\/span><span style=\"-webkit-font-smoothing: antialiased; font-weight: bold;\">PEDRIZA<\/span>.<\/span><\/p>\n<p><span style=\"-webkit-font-smoothing: antialiased; font-family: 'Times New Roman', Times, serif; font-size: 18px; font-style: normal; font-weight: 400; color: #808080;\">Subiremos a dormir en un emblem\u00e1tico refugio y madrugaremos para disfrutar de un hermoso ascenso dentro de este&nbsp;<span style=\"-webkit-font-smoothing: antialiased; font-weight: bold;\">Geoparque de la UNESCO<\/span>. Constituye un relieve singular de monta\u00f1a, \u00fanico en la Pen\u00ednsula Ib\u00e9rica. Andaremos entre brezo, gayuba y un laberinto de grandes bolos gran\u00edticos hasta llegar a los puntos en donde est\u00e1n las&nbsp;<span style=\"-webkit-font-smoothing: antialiased; font-weight: bold;\">cabras<\/span>.&nbsp;Viven sus&nbsp;<span style=\"-webkit-font-smoothing: antialiased; font-weight: bold;\">amor\u00edos&nbsp;<\/span>desplegando todo tipo de&nbsp;<span style=\"-webkit-font-smoothing: antialiased; font-weight: bold;\">rituales y peleas<\/span>&nbsp;para conseguir los favores del las hembras.<\/span><\/p>\n<div style=\"-webkit-font-smoothing: antialiased; color: #000000; font-family: 'Times New Roman', Times, serif; font-size: 18px; font-style: normal; font-weight: 400;\"><span style=\"-webkit-font-smoothing: antialiased; color: #808080;\">&nbsp;<\/span><span style=\"color: #808080; font-size: 18px;\">U<\/span><span style=\"color: #808080; font-size: 18px; -webkit-font-smoothing: antialiased;\">na&nbsp;<\/span><span style=\"color: #808080; font-size: 18px; -webkit-font-smoothing: antialiased; font-weight: bold;\">experiencia inolvidable&nbsp;<\/span><span style=\"color: #808080; font-size: 18px; -webkit-font-smoothing: antialiased;\">para cualquier<\/span><span style=\"color: #808080; font-size: 18px; -webkit-font-smoothing: antialiased; font-weight: bold;\">&nbsp;amante de la naturaleza<\/span><span style=\"color: #808080; font-size: 18px;\">.<\/span><\/div>\n<div style=\"-webkit-font-smoothing: antialiased; color: #000000; font-family: 'Times New Roman', Times, serif; font-size: 18px; font-style: normal; font-weight: 400;\">\n<p><span style=\"-webkit-font-smoothing: antialiased; color: #808080;\"><br style=\"-webkit-font-smoothing: antialiased;\">Pero esta visita al parque nacional&nbsp;<span style=\"-webkit-font-smoothing: antialiased; font-weight: bold;\">no se limita a la b\u00fasqueda de la cabra mont\u00e9s<\/span>. Tenemos el objetivo de disfrutar la inmensa riqueza que ofrece este maravilloso rinc\u00f3n de la pen\u00ednsula. No s\u00f3lo de su&nbsp;<span style=\"-webkit-font-smoothing: antialiased; font-weight: bold;\">fauna y flora<\/span>&nbsp;sino tambi\u00e9n de la sorprendente&nbsp;<span style=\"-webkit-font-smoothing: antialiased; font-weight: bold;\">historia geol\u00f3gica del lugar<\/span>. Una riqueza que s\u00f3lo podremos descubrir utilizando todo el&nbsp;<span style=\"-webkit-font-smoothing: antialiased; font-weight: bold;\">potencial de nuestros sentidos<\/span>.<br style=\"-webkit-font-smoothing: antialiased;\"><br style=\"-webkit-font-smoothing: antialiased;\">Combinaremos la visita a los&nbsp;<span style=\"-webkit-font-smoothing: antialiased; font-weight: bold;\">lugares m\u00e1s emblem\u00e1ticos de La Pedriza&nbsp;<\/span>con una serie de peque\u00f1os&nbsp;<span style=\"-webkit-font-smoothing: antialiased; font-weight: bold;\">talleres pr\u00e1cticos<\/span>&nbsp;que nos ayudar\u00e1n a afinar nuestros sentidos. \u00a1Ah! y dormiremos en pleno coraz\u00f3n del Parque Nacional.<\/span><\/p>\n<p><span style=\"-webkit-font-smoothing: antialiased; color: #808080;\"><span style=\"font-size: 15px; font-style: normal; font-weight: bold; color: rgba(1, 22, 39, 0.75); font-family: Montserrat, sans-serif;\"><span style=\"text-decoration: underline;\"><span style=\"color: #339966; text-decoration: underline;\">CONTACTO<\/span><\/span>:<\/span><span style=\"font-size: 15px; font-style: normal; font-weight: 400; color: rgba(1, 22, 39, 0.75); font-family: Montserrat, sans-serif;\">&nbsp;<span style=\"color: #0000ff;\">juanecotono@gmail.com<\/span>&nbsp;y&nbsp;<span style=\"color: #0000ff;\">646 921 929<\/span><\/span><span style=\"font-size: 15px; font-style: normal; font-weight: 400; color: rgba(1, 22, 39, 0.75); font-family: Montserrat, sans-serif;\">.<\/span><br><\/span><\/p>\n<\/div>\t\t\t\t\t\t\t\t<\/div>\n\t\t\t\t<\/div>\n\t\t\t\t\t<\/div>\n\t\t<\/div>\n\t\t\t\t\t<\/div>\n\t\t<\/section>\n\t\t\t\t<section class=\"elementor-section elementor-top-section elementor-element elementor-element-670267b elementor-section-boxed elementor-section-height-default elementor-section-height-default\" data-id=\"670267b\" data-element_type=\"section\">\n\t\t\t\t\t\t<div class=\"elementor-container elementor-column-gap-default\">\n\t\t\t\t\t<div class=\"elementor-column elementor-col-100 elementor-top-column elementor-element elementor-element-9b48b65\" data-id=\"9b48b65\" data-element_type=\"column\">\n\t\t\t<div class=\"elementor-widget-wrap elementor-element-populated\">\n\t\t\t\t\t\t<div class=\"elementor-element elementor-element-616d46a elementor-widget elementor-widget-image\" data-id=\"616d46a\" data-element_type=\"widget\" data-widget_type=\"image.default\">\n\t\t\t\t<div class=\"elementor-widget-container\">\n\t\t\t\t\t\t\t\t\t\t\t\t\t\t\t<img fetchpriority=\"high\" decoding=\"async\" width=\"1024\" height=\"724\" src=\"https:\/\/ecotono.org.es\/wp-content\/uploads\/2023\/10\/visita_PEDRIZA_2023_sin_FECHA2-1024x724.png\" class=\"attachment-large size-large wp-image-2428\" alt=\"\" srcset=\"https:\/\/ecotono.org.es\/wp-content\/uploads\/2023\/10\/visita_PEDRIZA_2023_sin_FECHA2-1024x724.png 1024w, https:\/\/ecotono.org.es\/wp-content\/uploads\/2023\/10\/visita_PEDRIZA_2023_sin_FECHA2-300x212.png 300w, https:\/\/ecotono.org.es\/wp-content\/uploads\/2023\/10\/visita_PEDRIZA_2023_sin_FECHA2-768x543.png 768w, https:\/\/ecotono.org.es\/wp-content\/uploads\/2023\/10\/visita_PEDRIZA_2023_sin_FECHA2-1536x1086.png 1536w, https:\/\/ecotono.org.es\/wp-content\/uploads\/2023\/10\/visita_PEDRIZA_2023_sin_FECHA2-2048x1448.png 2048w\" sizes=\"(max-width: 1024px) 100vw, 1024px\" \/>\t\t\t\t\t\t\t\t\t\t\t\t\t\t\t<\/div>\n\t\t\t\t<\/div>\n\t\t\t\t\t<\/div>\n\t\t<\/div>\n\t\t\t\t\t<\/div>\n\t\t<\/section>\n\t\t\t\t<section class=\"elementor-section elementor-top-section elementor-element elementor-element-7c5ad18 elementor-section-boxed elementor-section-height-default elementor-section-height-default\" data-id=\"7c5ad18\" data-element_type=\"section\">\n\t\t\t\t\t\t<div class=\"elementor-container elementor-column-gap-default\">\n\t\t\t\t\t<div class=\"elementor-column elementor-col-100 elementor-top-column elementor-element elementor-element-3069cd9\" data-id=\"3069cd9\" data-element_type=\"column\">\n\t\t\t<div class=\"elementor-widget-wrap elementor-element-populated\">\n\t\t\t\t\t\t<div class=\"elementor-element elementor-element-5edbc62 elementor-widget elementor-widget-spacer\" data-id=\"5edbc62\" data-element_type=\"widget\" data-widget_type=\"spacer.default\">\n\t\t\t\t<div class=\"elementor-widget-container\">\n\t\t\t\t\t\t\t<div class=\"elementor-spacer\">\n\t\t\t<div class=\"elementor-spacer-inner\"><\/div>\n\t\t<\/div>\n\t\t\t\t\t\t<\/div>\n\t\t\t\t<\/div>\n\t\t\t\t\t<\/div>\n\t\t<\/div>\n\t\t\t\t\t<\/div>\n\t\t<\/section>\n\t\t\t\t<section class=\"elementor-section elementor-top-section elementor-element elementor-element-5c3ba26f elementor-section-boxed elementor-section-height-default elementor-section-height-default\" data-id=\"5c3ba26f\" data-element_type=\"section\">\n\t\t\t\t\t\t<div class=\"elementor-container elementor-column-gap-default\">\n\t\t\t\t\t<div class=\"elementor-column elementor-col-100 elementor-top-column elementor-element elementor-element-a61a699\" data-id=\"a61a699\" data-element_type=\"column\">\n\t\t\t<div class=\"elementor-widget-wrap elementor-element-populated\">\n\t\t\t\t\t\t<div class=\"elementor-element elementor-element-6d679831 elementor-pagination-position-outside elementor--v-position-bottom elementor--h-position-center elementor-arrows-position-inside elementor-widget elementor-widget-slides\" data-id=\"6d679831\" data-element_type=\"widget\" data-settings=\"{&quot;navigation&quot;:&quot;both&quot;,&quot;infinite&quot;:&quot;yes&quot;,&quot;transition&quot;:&quot;slide&quot;,&quot;transition_speed&quot;:500}\" data-widget_type=\"slides.default\">\n\t\t\t\t<div class=\"elementor-widget-container\">\n\t\t\t\t\t\t\t\t\t<div class=\"elementor-swiper\">\n\t\t\t\t\t<div class=\"elementor-slides-wrapper elementor-main-swiper swiper\" role=\"region\" aria-roledescription=\"carousel\" aria-label=\"Diapositivas\" dir=\"ltr\" data-animation=\"fadeInUp\">\n\t\t\t\t<div class=\"swiper-wrapper elementor-slides\">\n\t\t\t\t\t\t\t\t\t\t<div class=\"elementor-repeater-item-22f5869 swiper-slide\" role=\"group\" aria-roledescription=\"slide\"><div class=\"swiper-slide-bg\" role=\"img\" aria-label=\"DSCN0750\"><\/div><div class=\"swiper-slide-inner\" ><div class=\"swiper-slide-contents\"><div  class=\"elementor-button elementor-slide-button elementor-size-xs\">Cerros gran\u00edticos<\/div><\/div><\/div><\/div><div class=\"elementor-repeater-item-ec6ee88 swiper-slide\" role=\"group\" aria-roledescription=\"slide\"><div class=\"swiper-slide-bg\" role=\"img\" aria-label=\"DSCN0752\"><\/div><div class=\"swiper-slide-inner\" ><div class=\"swiper-slide-contents\"><div  class=\"elementor-button elementor-slide-button elementor-size-xs\">Pedriza<\/div><\/div><\/div><\/div><div class=\"elementor-repeater-item-ea82c36 swiper-slide\" role=\"group\" aria-roledescription=\"slide\"><div class=\"swiper-slide-bg\" role=\"img\" aria-label=\"DSCN0654\"><\/div><div class=\"swiper-slide-inner\" ><div class=\"swiper-slide-contents\"><div  class=\"elementor-button elementor-slide-button elementor-size-xs\">Paisaje robles y pinos<\/div><\/div><\/div><\/div><div class=\"elementor-repeater-item-debbc2a swiper-slide\" role=\"group\" aria-roledescription=\"slide\"><div class=\"swiper-slide-bg\" role=\"img\" aria-label=\"DSCN8024\"><\/div><div class=\"swiper-slide-inner\" ><div class=\"swiper-slide-contents\"><div  class=\"elementor-button elementor-slide-button elementor-size-xs\">Macho cabr\u00edo de 7 a\u00f1os<\/div><\/div><\/div><\/div><div class=\"elementor-repeater-item-23bbadf swiper-slide\" role=\"group\" aria-roledescription=\"slide\"><div class=\"swiper-slide-bg\" role=\"img\" aria-label=\"DSCN7921\"><\/div><div class=\"swiper-slide-inner\" ><div class=\"swiper-slide-contents\"><div  class=\"elementor-button elementor-slide-button elementor-size-xs\">Equilibristas de los riscos<\/div><\/div><\/div><\/div><div class=\"elementor-repeater-item-860eb8a swiper-slide\" role=\"group\" aria-roledescription=\"slide\"><div class=\"swiper-slide-bg\" role=\"img\" aria-label=\"Cartel recuerdo\"><\/div><div class=\"swiper-slide-inner\" ><div class=\"swiper-slide-contents\"><\/div><\/div><\/div>\t\t\t\t<\/div>\n\t\t\t\t\t\t\t\t\t\t\t\t\t\t\t<div class=\"elementor-swiper-button elementor-swiper-button-prev\" role=\"button\" tabindex=\"0\" aria-label=\"Diapositiva anterior\">\n\t\t\t\t\t\t\t<i aria-hidden=\"true\" class=\"eicon-chevron-left\"><\/i>\t\t\t\t\t\t<\/div>\n\t\t\t\t\t\t<div class=\"elementor-swiper-button elementor-swiper-button-next\" role=\"button\" tabindex=\"0\" aria-label=\"Diapositiva siguiente\">\n\t\t\t\t\t\t\t<i aria-hidden=\"true\" class=\"eicon-chevron-right\"><\/i>\t\t\t\t\t\t<\/div>\n\t\t\t\t\t\t\t\t\t\t\t\t\t\t\t\t<div class=\"swiper-pagination\"><\/div>\n\t\t\t\t\t\t\t\t\t\t\t\t<\/div>\n\t\t\t\t<\/div>\n\t\t\t\t\t\t\t\t<\/div>\n\t\t\t\t<\/div>\n\t\t\t\t\t<\/div>\n\t\t<\/div>\n\t\t\t\t\t<\/div>\n\t\t<\/section>\n\t\t\t\t<section class=\"elementor-section elementor-top-section elementor-element elementor-element-c95f747 elementor-section-boxed elementor-section-height-default elementor-section-height-default\" data-id=\"c95f747\" data-element_type=\"section\">\n\t\t\t\t\t\t<div class=\"elementor-container elementor-column-gap-default\">\n\t\t\t\t\t<div class=\"elementor-column elementor-col-100 elementor-top-column elementor-element elementor-element-ff16f1e\" data-id=\"ff16f1e\" data-element_type=\"column\">\n\t\t\t<div class=\"elementor-widget-wrap elementor-element-populated\">\n\t\t\t\t\t\t<div class=\"elementor-element elementor-element-116b410 elementor-widget elementor-widget-spacer\" data-id=\"116b410\" data-element_type=\"widget\" data-widget_type=\"spacer.default\">\n\t\t\t\t<div class=\"elementor-widget-container\">\n\t\t\t\t\t\t\t<div class=\"elementor-spacer\">\n\t\t\t<div class=\"elementor-spacer-inner\"><\/div>\n\t\t<\/div>\n\t\t\t\t\t\t<\/div>\n\t\t\t\t<\/div>\n\t\t\t\t\t<\/div>\n\t\t<\/div>\n\t\t\t\t\t<\/div>\n\t\t<\/section>\n\t\t\t\t<\/div>\n\t\t","protected":false},"excerpt":{"rendered":"<p>Cabras monteses y rocas en Guadarrama Ficha actividad Pedriza (Abre enlace para ver detalles) PR\u00d3XIMAS SALIDAS:&nbsp; &nbsp;10 a 12 de Noviembre 2023: 20 plazas (PREGUNTAD POR PRONTOPAGOS) Vive con nosotros uno de los momentos m\u00e1s espectaculares que se pueden experimentar en el Parque Nacional Sierra de Guadarrama: el celo de la cabra Mont\u00e9s. Os ofrecemos [&hellip;]<\/p>\n","protected":false},"author":1,"featured_media":0,"parent":0,"menu_order":0,"comment_status":"closed","ping_status":"closed","template":"","meta":{"site-sidebar-layout":"no-sidebar","site-content-layout":"page-builder","ast-site-content-layout":"","site-content-style":"default","site-sidebar-style":"default","ast-global-header-display":"","ast-banner-title-visibility":"","ast-main-header-display":"","ast-hfb-above-header-display":"","ast-hfb-below-header-display":"","ast-hfb-mobile-header-display":"","site-post-title":"disabled","ast-breadcrumbs-content":"","ast-featured-img":"disabled","footer-sml-layout":"","theme-transparent-header-meta":"default","adv-header-id-meta":"","stick-header-meta":"","header-above-stick-meta":"","header-main-stick-meta":"","header-below-stick-meta":"","astra-migrate-meta-layouts":"default","ast-page-background-enabled":"default","ast-page-background-meta":{"desktop":{"background-color":"","background-image":"","background-repeat":"repeat","background-position":"center center","background-size":"auto","background-attachment":"scroll","background-type":"","background-media":"","overlay-type":"","overlay-color":"","overlay-opacity":"","overlay-gradient":""},"tablet":{"background-color":"","background-image":"","background-repeat":"repeat","background-position":"center center","background-size":"auto","background-attachment":"scroll","background-type":"","background-media":"","overlay-type":"","overlay-color":"","overlay-opacity":"","overlay-gradient":""},"mobile":{"background-color":"","background-image":"","background-repeat":"repeat","background-position":"center center","background-size":"auto","background-attachment":"scroll","background-type":"","background-media":"","overlay-type":"","overlay-color":"","overlay-opacity":"","overlay-gradient":""}},"ast-content-background-meta":{"desktop":{"background-color":"var(--ast-global-color-5)","background-image":"","background-repeat":"repeat","background-position":"center center","background-size":"auto","background-attachment":"scroll","background-type":"","background-media":"","overlay-type":"","overlay-color":"","overlay-opacity":"","overlay-gradient":""},"tablet":{"background-color":"var(--ast-global-color-5)","background-image":"","background-repeat":"repeat","background-position":"center center","background-size":"auto","background-attachment":"scroll","background-type":"","background-media":"","overlay-type":"","overlay-color":"","overlay-opacity":"","overlay-gradient":""},"mobile":{"background-color":"var(--ast-global-color-5)","background-image":"","background-repeat":"repeat","background-position":"center center","background-size":"auto","background-attachment":"scroll","background-type":"","background-media":"","overlay-type":"","overlay-color":"","overlay-opacity":"","overlay-gradient":""}},"footnotes":""},"class_list":["post-1258","page","type-page","status-publish","hentry"],"_links":{"self":[{"href":"https:\/\/ecotono.org.es\/index.php?rest_route=\/wp\/v2\/pages\/1258","targetHints":{"allow":["GET"]}}],"collection":[{"href":"https:\/\/ecotono.org.es\/index.php?rest_route=\/wp\/v2\/pages"}],"about":[{"href":"https:\/\/ecotono.org.es\/index.php?rest_route=\/wp\/v2\/types\/page"}],"author":[{"embeddable":true,"href":"https:\/\/ecotono.org.es\/index.php?rest_route=\/wp\/v2\/users\/1"}],"replies":[{"embeddable":true,"href":"https:\/\/ecotono.org.es\/index.php?rest_route=%2Fwp%2Fv2%2Fcomments&post=1258"}],"version-history":[{"count":54,"href":"https:\/\/ecotono.org.es\/index.php?rest_route=\/wp\/v2\/pages\/1258\/revisions"}],"predecessor-version":[{"id":2469,"href":"https:\/\/ecotono.org.es\/index.php?rest_route=\/wp\/v2\/pages\/1258\/revisions\/2469"}],"wp:attachment":[{"href":"https:\/\/ecotono.org.es\/index.php?rest_route=%2Fwp%2Fv2%2Fmedia&parent=1258"}],"curies":[{"name":"wp","href":"https:\/\/api.w.org\/{rel}","templated":true}]}}